{"id":29646,"date":"2024-07-22T19:35:47","date_gmt":"2024-07-22T17:35:47","guid":{"rendered":"https:\/\/timedriven.de\/?post_type=product&#038;p=29646"},"modified":"2024-10-03T19:34:45","modified_gmt":"2024-10-03T17:34:45","slug":"rolex-gmt-master-ii-2021-jubilee-copy","status":"publish","type":"product","link":"https:\/\/timedriven.de\/de\/produkt\/rolex-gmt-master-ii-2021-jubilee-copy\/","title":{"rendered":"Rolex GMT Master II 2018 Oyster"},"content":{"rendered":"","protected":false},"excerpt":{"rendered":"<div class=\"group w-full text-token-text-primary border-b border-black\/10 gizmo:border-0 dark:border-gray-900\/50 gizmo:dark:border-0 bg-gray-50 gizmo:bg-transparent dark:bg-[#444654] gizmo:dark:bg-transparent\" data-testid=\"conversation-turn-69\">\n<div class=\"p-4 gizmo:py-2 justify-center text-base md:gap-6 md:py-6 m-auto\">\n<div class=\"flex flex-1 gap-4 text-base mx-auto md:gap-6 gizmo:gap-3 gizmo:md:px-5 gizmo:lg:px-1 gizmo:xl:px-5 md:max-w-2xl lg:max-w-[38rem] gizmo:md:max-w-3xl gizmo:lg:max-w-[40rem] gizmo:xl:max-w-[48rem] xl:max-w-3xl }\">\n<div class=\"relative flex w-[calc(100%-50px)] flex-col gizmo:w-full lg:w-[calc(100%-115px)] agent-turn\">\n<div class=\"flex-col gap-1 md:gap-3\">\n<div class=\"flex flex-grow flex-col max-w-full gap-3 gizmo:gap-0\">\n<div class=\"min-h-[20px] flex flex-col items-start gap-3 whitespace-pre-wrap break-words overflow-x-auto\" data-message-author-role=\"assistant\" data-message-id=\"20cf6e0c-7397-428c-8a97-e5e4f6c2fa00\">\n<div class=\"markdown prose w-full break-words dark:prose-invert light\">\n<div class=\"flex flex-grow flex-col max-w-full\">\n<div class=\"min-h-[20px] text-message flex flex-col items-start whitespace-pre-wrap break-words [.text-message+&amp;]:mt-5 juice:w-full juice:items-end overflow-x-auto gap-2\" dir=\"auto\" data-message-author-role=\"assistant\" data-message-id=\"d32333e4-18af-4eba-8bc8-238492475b4e\">\n<div class=\"flex w-full flex-col gap-1 juice:empty:hidden juice:first:pt-[3px]\">\n<div class=\"markdown prose w-full break-words dark:prose-invert light\">Die Rolex GMT Master II, Referenz 116710BLNR, ist ein prestigetr\u00e4chtiger Zeitmesser aus dem Jahr 2016.<\/p>\n<p>Sie verf\u00fcgt \u00fcber ein 40 mm Edelstahlgeh\u00e4use und ein elegantes schwarzes Zifferblatt. Diese Uhr wird von einem Automatikwerk angetrieben, das eine pr\u00e4zise Zeitmessung gew\u00e4hrleistet. Das robuste Rolex Oyster Armband aus Stahl vereint Funktionalit\u00e4t und Stil. Gesch\u00fctzt durch ein Saphirglas, befindet sich die Uhr in einem sehr guten Zustand mit einer Bewertung von 9\/10. Es wird komplett mit Originalpapieren LC 100, Box, Umkarton und Brosch\u00fcren geliefert, um Authentizit\u00e4t zu gew\u00e4hrleisten und einen Sammlerwert zu schaffen.<\/p><\/div>\n<\/div>\n<\/div>\n<\/div>\n<\/div>\n<\/div>\n<\/div>\n<\/div>\n<\/div>\n<\/div>\n<\/div>\n<\/div>\n","protected":false},"featured_media":29648,"template":"","meta":[],"product_brand":[],"product_cat":[572,571],"product_tag":[620],"watch-type":[625],"spare-parts---category":[],"included":[629],"condition":[600],"year-made":[904],"dial-color":[601],"watch-material":[613],"movement":[666],"brands":[598],"class_list":{"0":"post-29646","1":"product","2":"type-product","3":"status-publish","4":"has-post-thumbnail","6":"product_cat-uhren","7":"product_cat-unkategorisiert","8":"product_tag-herren","9":"watch-type-herren","10":"included-papers-de","11":"condition-gebraucht","12":"year-made-2016-de","13":"dial-color-schwarz","14":"watch-material-edelstahl","15":"movement-automatisch","16":"brands-rolex-de","18":"first","19":"outofstock","20":"sold-individually","21":"purchasable","22":"product-type-simple"},"_links":{"self":[{"href":"https:\/\/timedriven.de\/de\/wp-json\/wp\/v2\/product\/29646","targetHints":{"allow":["GET"]}}],"collection":[{"href":"https:\/\/timedriven.de\/de\/wp-json\/wp\/v2\/product"}],"about":[{"href":"https:\/\/timedriven.de\/de\/wp-json\/wp\/v2\/types\/product"}],"wp:featuredmedia":[{"embeddable":true,"href":"https:\/\/timedriven.de\/de\/wp-json\/wp\/v2\/media\/29648"}],"wp:attachment":[{"href":"https:\/\/timedriven.de\/de\/wp-json\/wp\/v2\/media?parent=29646"}],"wp:term":[{"taxonomy":"product_brand","embeddable":true,"href":"https:\/\/timedriven.de\/de\/wp-json\/wp\/v2\/product_brand?post=29646"},{"taxonomy":"product_cat","embeddable":true,"href":"https:\/\/timedriven.de\/de\/wp-json\/wp\/v2\/product_cat?post=29646"},{"taxonomy":"product_tag","embeddable":true,"href":"https:\/\/timedriven.de\/de\/wp-json\/wp\/v2\/product_tag?post=29646"},{"taxonomy":"watch-type","embeddable":true,"href":"https:\/\/timedriven.de\/de\/wp-json\/wp\/v2\/watch-type?post=29646"},{"taxonomy":"spare-parts---category","embeddable":true,"href":"https:\/\/timedriven.de\/de\/wp-json\/wp\/v2\/spare-parts---category?post=29646"},{"taxonomy":"included","embeddable":true,"href":"https:\/\/timedriven.de\/de\/wp-json\/wp\/v2\/included?post=29646"},{"taxonomy":"condition","embeddable":true,"href":"https:\/\/timedriven.de\/de\/wp-json\/wp\/v2\/condition?post=29646"},{"taxonomy":"year-made","embeddable":true,"href":"https:\/\/timedriven.de\/de\/wp-json\/wp\/v2\/year-made?post=29646"},{"taxonomy":"dial-color","embeddable":true,"href":"https:\/\/timedriven.de\/de\/wp-json\/wp\/v2\/dial-color?post=29646"},{"taxonomy":"watch-material","embeddable":true,"href":"https:\/\/timedriven.de\/de\/wp-json\/wp\/v2\/watch-material?post=29646"},{"taxonomy":"movement","embeddable":true,"href":"https:\/\/timedriven.de\/de\/wp-json\/wp\/v2\/movement?post=29646"},{"taxonomy":"brands","embeddable":true,"href":"https:\/\/timedriven.de\/de\/wp-json\/wp\/v2\/brands?post=29646"}],"curies":[{"name":"wp","href":"https:\/\/api.w.org\/{rel}","templated":true}]}}