{"id":29916,"date":"2024-08-05T16:34:42","date_gmt":"2024-08-05T14:34:42","guid":{"rendered":"https:\/\/timedriven.de\/?post_type=product&#038;p=29916"},"modified":"2024-10-03T19:34:43","modified_gmt":"2024-10-03T17:34:43","slug":"breitling-navitimer-46-gmt-copy","status":"publish","type":"product","link":"https:\/\/timedriven.de\/de\/produkt\/breitling-navitimer-46-gmt-copy\/","title":{"rendered":"Breitling Navitimer GMT 46"},"content":{"rendered":"","protected":false},"excerpt":{"rendered":"<p>Die Breitling Navitimer 46 GMT ist eine robuste Uhr, die f\u00fcr die Luftfahrt und Reisen konzipiert ist. Mit einem Geh\u00e4use mit 46 mm Durchmesser und kreisf\u00f6rmiger Rechenschieber-L\u00fcnette vereint es Funktionalit\u00e4t und Stil. Das Zifferblatt verf\u00fcgt \u00fcber Chronographen-Hilfszifferbl\u00e4tter, Leuchtzeiger und einen GMT-Zeiger zur Anzeige einer zweiten Zeitzone. Angetrieben von einem zuverl\u00e4ssigen Automatikwerk bietet es Pr\u00e4zision und Leistung. Erh\u00e4ltlich mit einem Kautschukarmband, vielseitig einsetzbar f\u00fcr verschiedene Anl\u00e4sse. Mit praktischen Features wie Datumsanzeige und Wasserdichtigkeit ist sie eine gefragte Wahl f\u00fcr Uhrenliebhaber und Vielreisende.<\/p>\n","protected":false},"featured_media":29944,"template":"","meta":[],"product_brand":[],"product_cat":[572,571],"product_tag":[],"watch-type":[625],"spare-parts---category":[],"included":[],"condition":[600],"year-made":[675],"dial-color":[601],"watch-material":[613],"movement":[666],"brands":[588],"class_list":{"0":"post-29916","1":"product","2":"type-product","3":"status-publish","4":"has-post-thumbnail","6":"product_cat-uhren","7":"product_cat-unkategorisiert","8":"watch-type-herren","9":"condition-gebraucht","10":"year-made-2010-de","11":"dial-color-schwarz","12":"watch-material-edelstahl","13":"movement-automatisch","14":"brands-breitling-de","16":"first","17":"outofstock","18":"sold-individually","19":"purchasable","20":"product-type-simple"},"_links":{"self":[{"href":"https:\/\/timedriven.de\/de\/wp-json\/wp\/v2\/product\/29916","targetHints":{"allow":["GET"]}}],"collection":[{"href":"https:\/\/timedriven.de\/de\/wp-json\/wp\/v2\/product"}],"about":[{"href":"https:\/\/timedriven.de\/de\/wp-json\/wp\/v2\/types\/product"}],"wp:featuredmedia":[{"embeddable":true,"href":"https:\/\/timedriven.de\/de\/wp-json\/wp\/v2\/media\/29944"}],"wp:attachment":[{"href":"https:\/\/timedriven.de\/de\/wp-json\/wp\/v2\/media?parent=29916"}],"wp:term":[{"taxonomy":"product_brand","embeddable":true,"href":"https:\/\/timedriven.de\/de\/wp-json\/wp\/v2\/product_brand?post=29916"},{"taxonomy":"product_cat","embeddable":true,"href":"https:\/\/timedriven.de\/de\/wp-json\/wp\/v2\/product_cat?post=29916"},{"taxonomy":"product_tag","embeddable":true,"href":"https:\/\/timedriven.de\/de\/wp-json\/wp\/v2\/product_tag?post=29916"},{"taxonomy":"watch-type","embeddable":true,"href":"https:\/\/timedriven.de\/de\/wp-json\/wp\/v2\/watch-type?post=29916"},{"taxonomy":"spare-parts---category","embeddable":true,"href":"https:\/\/timedriven.de\/de\/wp-json\/wp\/v2\/spare-parts---category?post=29916"},{"taxonomy":"included","embeddable":true,"href":"https:\/\/timedriven.de\/de\/wp-json\/wp\/v2\/included?post=29916"},{"taxonomy":"condition","embeddable":true,"href":"https:\/\/timedriven.de\/de\/wp-json\/wp\/v2\/condition?post=29916"},{"taxonomy":"year-made","embeddable":true,"href":"https:\/\/timedriven.de\/de\/wp-json\/wp\/v2\/year-made?post=29916"},{"taxonomy":"dial-color","embeddable":true,"href":"https:\/\/timedriven.de\/de\/wp-json\/wp\/v2\/dial-color?post=29916"},{"taxonomy":"watch-material","embeddable":true,"href":"https:\/\/timedriven.de\/de\/wp-json\/wp\/v2\/watch-material?post=29916"},{"taxonomy":"movement","embeddable":true,"href":"https:\/\/timedriven.de\/de\/wp-json\/wp\/v2\/movement?post=29916"},{"taxonomy":"brands","embeddable":true,"href":"https:\/\/timedriven.de\/de\/wp-json\/wp\/v2\/brands?post=29916"}],"curies":[{"name":"wp","href":"https:\/\/api.w.org\/{rel}","templated":true}]}}