{"id":30092,"date":"2024-08-05T20:25:02","date_gmt":"2024-08-05T18:25:02","guid":{"rendered":"https:\/\/timedriven.de\/?post_type=product&#038;p=30092"},"modified":"2024-10-03T19:34:42","modified_gmt":"2024-10-03T17:34:42","slug":"breguet-classique-7147-full-set-2017-copy","status":"publish","type":"product","link":"https:\/\/timedriven.de\/de\/produkt\/breguet-classique-7147-full-set-2017-copy\/","title":{"rendered":"Breguet Marine 5517 Full Set 2024"},"content":{"rendered":"","protected":false},"excerpt":{"rendered":"<div class=\"flex flex-grow flex-col max-w-full\">\n<div class=\"min-h-[20px] text-message flex flex-col items-start whitespace-pre-wrap break-words [.text-message+&amp;]:mt-5 juice:w-full juice:items-end overflow-x-auto gap-2\" dir=\"auto\" data-message-author-role=\"assistant\" data-message-id=\"3f0dce4a-8e6e-4665-bd2f-c1907bd24cc0\">\n<div class=\"flex w-full flex-col gap-1 juice:empty:hidden juice:first:pt-[3px]\">\n<div class=\"markdown prose w-full break-words dark:prose-invert light\">Die Breguet Classique 5517BB\/Y2\/9ZU, urspr\u00fcnglich im Jahr 2024 verkauft, ist eine luxuri\u00f6se Uhr mit einem grauen Zifferblatt in einem Geh\u00e4use aus 18 Karat Wei\u00dfgold mit den ikonischen geriffelten Seiten von Breguet.<\/p>\n<p>Es verf\u00fcgt \u00fcber r\u00f6mische Ziffern und wei\u00dfgoldene Zeiger. Dieses Komplettset umfasst die Uhr, die Originalverpackung und die Papiere und macht sie zu einem begehrten St\u00fcck sowohl f\u00fcr ihre Eleganz als auch ihre Authentizit\u00e4t in der Welt der feinen Uhrmacherkunst.<\/p><\/div>\n<\/div>\n<\/div>\n<\/div>\n","protected":false},"featured_media":30095,"template":"","meta":[],"product_brand":[],"product_cat":[572,571],"product_tag":[620],"watch-type":[625],"spare-parts---category":[],"included":[629],"condition":[600],"year-made":[1643],"dial-color":[615],"watch-material":[664],"movement":[666],"brands":[1740],"class_list":{"0":"post-30092","1":"product","2":"type-product","3":"status-publish","4":"has-post-thumbnail","6":"product_cat-uhren","7":"product_cat-unkategorisiert","8":"product_tag-herren","9":"watch-type-herren","10":"included-papers-de","11":"condition-gebraucht","12":"year-made-2024-de","13":"dial-color-blau","14":"watch-material-weisgold","15":"movement-automatisch","16":"brands-breguet-de","18":"first","19":"outofstock","20":"sold-individually","21":"taxable","22":"shipping-taxable","23":"purchasable","24":"product-type-simple"},"_links":{"self":[{"href":"https:\/\/timedriven.de\/de\/wp-json\/wp\/v2\/product\/30092","targetHints":{"allow":["GET"]}}],"collection":[{"href":"https:\/\/timedriven.de\/de\/wp-json\/wp\/v2\/product"}],"about":[{"href":"https:\/\/timedriven.de\/de\/wp-json\/wp\/v2\/types\/product"}],"wp:featuredmedia":[{"embeddable":true,"href":"https:\/\/timedriven.de\/de\/wp-json\/wp\/v2\/media\/30095"}],"wp:attachment":[{"href":"https:\/\/timedriven.de\/de\/wp-json\/wp\/v2\/media?parent=30092"}],"wp:term":[{"taxonomy":"product_brand","embeddable":true,"href":"https:\/\/timedriven.de\/de\/wp-json\/wp\/v2\/product_brand?post=30092"},{"taxonomy":"product_cat","embeddable":true,"href":"https:\/\/timedriven.de\/de\/wp-json\/wp\/v2\/product_cat?post=30092"},{"taxonomy":"product_tag","embeddable":true,"href":"https:\/\/timedriven.de\/de\/wp-json\/wp\/v2\/product_tag?post=30092"},{"taxonomy":"watch-type","embeddable":true,"href":"https:\/\/timedriven.de\/de\/wp-json\/wp\/v2\/watch-type?post=30092"},{"taxonomy":"spare-parts---category","embeddable":true,"href":"https:\/\/timedriven.de\/de\/wp-json\/wp\/v2\/spare-parts---category?post=30092"},{"taxonomy":"included","embeddable":true,"href":"https:\/\/timedriven.de\/de\/wp-json\/wp\/v2\/included?post=30092"},{"taxonomy":"condition","embeddable":true,"href":"https:\/\/timedriven.de\/de\/wp-json\/wp\/v2\/condition?post=30092"},{"taxonomy":"year-made","embeddable":true,"href":"https:\/\/timedriven.de\/de\/wp-json\/wp\/v2\/year-made?post=30092"},{"taxonomy":"dial-color","embeddable":true,"href":"https:\/\/timedriven.de\/de\/wp-json\/wp\/v2\/dial-color?post=30092"},{"taxonomy":"watch-material","embeddable":true,"href":"https:\/\/timedriven.de\/de\/wp-json\/wp\/v2\/watch-material?post=30092"},{"taxonomy":"movement","embeddable":true,"href":"https:\/\/timedriven.de\/de\/wp-json\/wp\/v2\/movement?post=30092"},{"taxonomy":"brands","embeddable":true,"href":"https:\/\/timedriven.de\/de\/wp-json\/wp\/v2\/brands?post=30092"}],"curies":[{"name":"wp","href":"https:\/\/api.w.org\/{rel}","templated":true}]}}