{"id":30147,"date":"2024-08-06T09:40:11","date_gmt":"2024-08-06T07:40:11","guid":{"rendered":"https:\/\/timedriven.de\/?post_type=product&#038;p=30147"},"modified":"2024-10-03T19:34:42","modified_gmt":"2024-10-03T17:34:42","slug":"rolex-yacht-master-i-37-rhodium-268622-2020-copy","status":"publish","type":"product","link":"https:\/\/timedriven.de\/de\/produkt\/rolex-yacht-master-i-37-rhodium-268622-2020-copy\/","title":{"rendered":"Rolex Yacht-Master I 40 Blau"},"content":{"rendered":"","protected":false},"excerpt":{"rendered":"<div class=\"flex flex-grow flex-col max-w-full\">\n<div class=\"min-h-[20px] text-message flex flex-col items-start whitespace-pre-wrap break-words [.text-message+&amp;]:mt-5 juice:w-full juice:items-end overflow-x-auto gap-2\" dir=\"auto\" data-message-author-role=\"assistant\" data-message-id=\"3fde611c-1aae-492a-95f8-b5ecdc70098f\">\n<div class=\"flex w-full flex-col gap-1 juice:empty:hidden juice:first:pt-[3px]\">\n<div class=\"markdown prose w-full break-words dark:prose-invert light\">\n<p>Die Rolex Yacht-Master 40 mit blauem Zifferblatt aus dem Jahr 2017 ist eine anspruchsvolle und sportliche Uhr, die die renommierte Handwerkskunst von Rolex verk\u00f6rpert. Diese Uhr ist in perfektem Zustand und zeugt von makelloser Qualit\u00e4t und sorgf\u00e4ltiger Pflege. Das blaue Zifferblatt bietet eine schlichte und moderne \u00c4sthetik, die perfekt durch das robuste Design der Uhr erg\u00e4nzt wird. Die Yacht-Master 40 eignet sich sowohl f\u00fcr den Alltag als auch f\u00fcr nautische Abenteuer und verf\u00fcgt \u00fcber ein 40-mm-Geh\u00e4use, eine bidirektional drehbare L\u00fcnette und ein Oyster-Armband, die sowohl Stil als auch Haltbarkeit gew\u00e4hrleisten. Dieser exquisite Zeitmesser ist ein Beweis f\u00fcr das Engagement von Rolex f\u00fcr Pr\u00e4zision und Eleganz.<\/p>\n<\/div>\n<\/div>\n<\/div>\n<\/div>\n","protected":false},"featured_media":30151,"template":"","meta":[],"product_brand":[],"product_cat":[572,571],"product_tag":[620],"watch-type":[625],"spare-parts---category":[],"included":[],"condition":[600],"year-made":[912],"dial-color":[615],"watch-material":[613],"movement":[666],"brands":[598],"class_list":{"0":"post-30147","1":"product","2":"type-product","3":"status-publish","4":"has-post-thumbnail","6":"product_cat-uhren","7":"product_cat-unkategorisiert","8":"product_tag-herren","9":"watch-type-herren","10":"condition-gebraucht","11":"year-made-2017-de","12":"dial-color-blau","13":"watch-material-edelstahl","14":"movement-automatisch","15":"brands-rolex-de","17":"first","18":"outofstock","19":"sold-individually","20":"purchasable","21":"product-type-simple"},"_links":{"self":[{"href":"https:\/\/timedriven.de\/de\/wp-json\/wp\/v2\/product\/30147","targetHints":{"allow":["GET"]}}],"collection":[{"href":"https:\/\/timedriven.de\/de\/wp-json\/wp\/v2\/product"}],"about":[{"href":"https:\/\/timedriven.de\/de\/wp-json\/wp\/v2\/types\/product"}],"wp:featuredmedia":[{"embeddable":true,"href":"https:\/\/timedriven.de\/de\/wp-json\/wp\/v2\/media\/30151"}],"wp:attachment":[{"href":"https:\/\/timedriven.de\/de\/wp-json\/wp\/v2\/media?parent=30147"}],"wp:term":[{"taxonomy":"product_brand","embeddable":true,"href":"https:\/\/timedriven.de\/de\/wp-json\/wp\/v2\/product_brand?post=30147"},{"taxonomy":"product_cat","embeddable":true,"href":"https:\/\/timedriven.de\/de\/wp-json\/wp\/v2\/product_cat?post=30147"},{"taxonomy":"product_tag","embeddable":true,"href":"https:\/\/timedriven.de\/de\/wp-json\/wp\/v2\/product_tag?post=30147"},{"taxonomy":"watch-type","embeddable":true,"href":"https:\/\/timedriven.de\/de\/wp-json\/wp\/v2\/watch-type?post=30147"},{"taxonomy":"spare-parts---category","embeddable":true,"href":"https:\/\/timedriven.de\/de\/wp-json\/wp\/v2\/spare-parts---category?post=30147"},{"taxonomy":"included","embeddable":true,"href":"https:\/\/timedriven.de\/de\/wp-json\/wp\/v2\/included?post=30147"},{"taxonomy":"condition","embeddable":true,"href":"https:\/\/timedriven.de\/de\/wp-json\/wp\/v2\/condition?post=30147"},{"taxonomy":"year-made","embeddable":true,"href":"https:\/\/timedriven.de\/de\/wp-json\/wp\/v2\/year-made?post=30147"},{"taxonomy":"dial-color","embeddable":true,"href":"https:\/\/timedriven.de\/de\/wp-json\/wp\/v2\/dial-color?post=30147"},{"taxonomy":"watch-material","embeddable":true,"href":"https:\/\/timedriven.de\/de\/wp-json\/wp\/v2\/watch-material?post=30147"},{"taxonomy":"movement","embeddable":true,"href":"https:\/\/timedriven.de\/de\/wp-json\/wp\/v2\/movement?post=30147"},{"taxonomy":"brands","embeddable":true,"href":"https:\/\/timedriven.de\/de\/wp-json\/wp\/v2\/brands?post=30147"}],"curies":[{"name":"wp","href":"https:\/\/api.w.org\/{rel}","templated":true}]}}