{"id":30267,"date":"2024-08-08T12:30:34","date_gmt":"2024-08-08T10:30:34","guid":{"rendered":"https:\/\/timedriven.de\/?post_type=product&#038;p=30267"},"modified":"2024-10-03T19:34:41","modified_gmt":"2024-10-03T17:34:41","slug":"iwc-ingenieur-3521-copy-2","status":"publish","type":"product","link":"https:\/\/timedriven.de\/de\/produkt\/iwc-ingenieur-3521-copy-2\/","title":{"rendered":"IWC Ingenieur 3508 1991"},"content":{"rendered":"","protected":false},"excerpt":{"rendered":"<pre id=\"tw-target-text\" class=\"tw-data-text tw-text-large tw-ta\" dir=\"ltr\" data-placeholder=\"\u00dcbersetzung\" aria-label=\"\u00dcbersetzter Text\" data-ved=\"2ahUKEwij7fPOruWHAxUJ7AIHHT6gDtwQ3ewLegQIBxAU\"><span class=\"Y2IQFc\" lang=\"de\">Wir stellen Ihnen die IWC Ingenieur 3508 vor \u2013 die ultimative Uhr f\u00fcr den modernen Mann, der Wert auf Pr\u00e4zisionstechnik und exquisites Design legt. \r\nDiese mit gr\u00f6\u00dfter Liebe zum Detail gefertigte Uhr besticht durch ein elegantes und elegantes Erscheinungsbild mit einem 34-mm-Edelstahlgeh\u00e4use und einem luxuri\u00f6sen schwarzen Zifferblatt. Das schwarze Zifferblatt verf\u00fcgt \u00fcber Zeiger und Indexe aus Tritium, w\u00e4hrend das Saphirglas f\u00fcr Kratzfestigkeit und Langlebigkeit sorgt.\r\n<\/span><\/pre>\n","protected":false},"featured_media":30489,"template":"","meta":[],"product_brand":[],"product_cat":[572,571],"product_tag":[1735,620],"watch-type":[625],"spare-parts---category":[],"included":[],"condition":[600],"year-made":[638],"dial-color":[601],"watch-material":[613],"movement":[666],"brands":[594],"class_list":{"0":"post-30267","1":"product","2":"type-product","3":"status-publish","4":"has-post-thumbnail","6":"product_cat-uhren","7":"product_cat-unkategorisiert","8":"product_tag-frauen","9":"product_tag-herren","10":"watch-type-herren","11":"condition-gebraucht","12":"year-made-1991-de","13":"dial-color-schwarz","14":"watch-material-edelstahl","15":"movement-automatisch","16":"brands-iwc-de","18":"first","19":"outofstock","20":"sale","21":"sold-individually","22":"purchasable","23":"product-type-simple"},"_links":{"self":[{"href":"https:\/\/timedriven.de\/de\/wp-json\/wp\/v2\/product\/30267","targetHints":{"allow":["GET"]}}],"collection":[{"href":"https:\/\/timedriven.de\/de\/wp-json\/wp\/v2\/product"}],"about":[{"href":"https:\/\/timedriven.de\/de\/wp-json\/wp\/v2\/types\/product"}],"wp:featuredmedia":[{"embeddable":true,"href":"https:\/\/timedriven.de\/de\/wp-json\/wp\/v2\/media\/30489"}],"wp:attachment":[{"href":"https:\/\/timedriven.de\/de\/wp-json\/wp\/v2\/media?parent=30267"}],"wp:term":[{"taxonomy":"product_brand","embeddable":true,"href":"https:\/\/timedriven.de\/de\/wp-json\/wp\/v2\/product_brand?post=30267"},{"taxonomy":"product_cat","embeddable":true,"href":"https:\/\/timedriven.de\/de\/wp-json\/wp\/v2\/product_cat?post=30267"},{"taxonomy":"product_tag","embeddable":true,"href":"https:\/\/timedriven.de\/de\/wp-json\/wp\/v2\/product_tag?post=30267"},{"taxonomy":"watch-type","embeddable":true,"href":"https:\/\/timedriven.de\/de\/wp-json\/wp\/v2\/watch-type?post=30267"},{"taxonomy":"spare-parts---category","embeddable":true,"href":"https:\/\/timedriven.de\/de\/wp-json\/wp\/v2\/spare-parts---category?post=30267"},{"taxonomy":"included","embeddable":true,"href":"https:\/\/timedriven.de\/de\/wp-json\/wp\/v2\/included?post=30267"},{"taxonomy":"condition","embeddable":true,"href":"https:\/\/timedriven.de\/de\/wp-json\/wp\/v2\/condition?post=30267"},{"taxonomy":"year-made","embeddable":true,"href":"https:\/\/timedriven.de\/de\/wp-json\/wp\/v2\/year-made?post=30267"},{"taxonomy":"dial-color","embeddable":true,"href":"https:\/\/timedriven.de\/de\/wp-json\/wp\/v2\/dial-color?post=30267"},{"taxonomy":"watch-material","embeddable":true,"href":"https:\/\/timedriven.de\/de\/wp-json\/wp\/v2\/watch-material?post=30267"},{"taxonomy":"movement","embeddable":true,"href":"https:\/\/timedriven.de\/de\/wp-json\/wp\/v2\/movement?post=30267"},{"taxonomy":"brands","embeddable":true,"href":"https:\/\/timedriven.de\/de\/wp-json\/wp\/v2\/brands?post=30267"}],"curies":[{"name":"wp","href":"https:\/\/api.w.org\/{rel}","templated":true}]}}