{"id":30757,"date":"2024-08-14T15:55:29","date_gmt":"2024-08-14T13:55:29","guid":{"rendered":"https:\/\/timedriven.de\/?post_type=product&#038;p=30757"},"modified":"2024-10-03T19:34:38","modified_gmt":"2024-10-03T17:34:38","slug":"rolex-daytona-116520-black-copy-2","status":"publish","type":"product","link":"https:\/\/timedriven.de\/de\/produkt\/rolex-daytona-116520-black-copy-2\/","title":{"rendered":"Rolex Daytona 116523 schwarz Diamant 2009"},"content":{"rendered":"","protected":false},"excerpt":{"rendered":"<p>G\u00f6nnen Sie sich den ikonischen Reiz der Rolex Daytona, beispielhaft dargestellt durch die Referenz 116523 mit einem makellosen schwarzen Diamantzifferblatt aus dem Jahr 2009. Das klassische Design ist in robusten Edelstahl und Gold geh\u00fcllt und wird durch kontrastierende Hilfszifferbl\u00e4tter akzentuiert, die dem Zeitlosen eine dynamische Note verleihen Eleganz. Das legend\u00e4re Automatikwerk Kaliber 4130 versorgt seine Chronographenfunktionen mit beispielloser Genauigkeit und Zuverl\u00e4ssigkeit. Mit ihrer unverwechselbaren sportlichen und dennoch raffinierten \u00c4sthetik ist diese Rolex Daytona ein begehrtes Sammlerst\u00fcck und verk\u00f6rpert das bleibende Erbe der Daytona-Linie.<\/p>\n","protected":false},"featured_media":47775,"template":"","meta":[],"product_brand":[],"product_cat":[572,571],"product_tag":[],"watch-type":[625],"spare-parts---category":[],"included":[629],"condition":[600],"year-made":[1034],"dial-color":[601],"watch-material":[662],"movement":[666],"brands":[598],"class_list":{"0":"post-30757","1":"product","2":"type-product","3":"status-publish","4":"has-post-thumbnail","6":"product_cat-uhren","7":"product_cat-unkategorisiert","8":"watch-type-herren","9":"included-papers-de","10":"condition-gebraucht","11":"year-made-2009-de","12":"dial-color-schwarz","13":"watch-material-edelstahl-gold","14":"movement-automatisch","15":"brands-rolex-de","17":"first","18":"outofstock","19":"sold-individually","20":"purchasable","21":"product-type-simple"},"_links":{"self":[{"href":"https:\/\/timedriven.de\/de\/wp-json\/wp\/v2\/product\/30757","targetHints":{"allow":["GET"]}}],"collection":[{"href":"https:\/\/timedriven.de\/de\/wp-json\/wp\/v2\/product"}],"about":[{"href":"https:\/\/timedriven.de\/de\/wp-json\/wp\/v2\/types\/product"}],"wp:featuredmedia":[{"embeddable":true,"href":"https:\/\/timedriven.de\/de\/wp-json\/wp\/v2\/media\/47775"}],"wp:attachment":[{"href":"https:\/\/timedriven.de\/de\/wp-json\/wp\/v2\/media?parent=30757"}],"wp:term":[{"taxonomy":"product_brand","embeddable":true,"href":"https:\/\/timedriven.de\/de\/wp-json\/wp\/v2\/product_brand?post=30757"},{"taxonomy":"product_cat","embeddable":true,"href":"https:\/\/timedriven.de\/de\/wp-json\/wp\/v2\/product_cat?post=30757"},{"taxonomy":"product_tag","embeddable":true,"href":"https:\/\/timedriven.de\/de\/wp-json\/wp\/v2\/product_tag?post=30757"},{"taxonomy":"watch-type","embeddable":true,"href":"https:\/\/timedriven.de\/de\/wp-json\/wp\/v2\/watch-type?post=30757"},{"taxonomy":"spare-parts---category","embeddable":true,"href":"https:\/\/timedriven.de\/de\/wp-json\/wp\/v2\/spare-parts---category?post=30757"},{"taxonomy":"included","embeddable":true,"href":"https:\/\/timedriven.de\/de\/wp-json\/wp\/v2\/included?post=30757"},{"taxonomy":"condition","embeddable":true,"href":"https:\/\/timedriven.de\/de\/wp-json\/wp\/v2\/condition?post=30757"},{"taxonomy":"year-made","embeddable":true,"href":"https:\/\/timedriven.de\/de\/wp-json\/wp\/v2\/year-made?post=30757"},{"taxonomy":"dial-color","embeddable":true,"href":"https:\/\/timedriven.de\/de\/wp-json\/wp\/v2\/dial-color?post=30757"},{"taxonomy":"watch-material","embeddable":true,"href":"https:\/\/timedriven.de\/de\/wp-json\/wp\/v2\/watch-material?post=30757"},{"taxonomy":"movement","embeddable":true,"href":"https:\/\/timedriven.de\/de\/wp-json\/wp\/v2\/movement?post=30757"},{"taxonomy":"brands","embeddable":true,"href":"https:\/\/timedriven.de\/de\/wp-json\/wp\/v2\/brands?post=30757"}],"curies":[{"name":"wp","href":"https:\/\/api.w.org\/{rel}","templated":true}]}}