{"id":30932,"date":"2024-08-14T20:01:06","date_gmt":"2024-08-14T18:01:06","guid":{"rendered":"https:\/\/timedriven.de\/?post_type=product&#038;p=30932"},"modified":"2024-10-03T19:29:59","modified_gmt":"2024-10-03T17:29:59","slug":"omega-speedmaster-57-full-set-2021-copy","status":"publish","type":"product","link":"https:\/\/timedriven.de\/de\/produkt\/omega-speedmaster-57-full-set-2021-copy\/","title":{"rendered":"OMEGA Speedmaster 57 Full Set 2015"},"content":{"rendered":"","protected":false},"excerpt":{"rendered":"<p>Der OMEGA Speedmaster &#8217;57 Chronograph Co-Axial mit der Referenz 331.90.42.51.04.001 ist ein markanter Zeitmesser, der eine Hommage an die urspr\u00fcngliche Speedmaster von 1957 darstellt. Dieses Modell wurde urspr\u00fcnglich 2015 in \u00d6sterreich verkauft und verf\u00fcgt \u00fcber ein Geh\u00e4use und Armband aus Titan, gepaart mit einem wei\u00dfen Zifferblatt und ikonische breite Pfeilzeiger. Sie ist mit dem fortschrittlichen Co-Axial-Uhrwerk von OMEGA ausgestattet, das au\u00dfergew\u00f6hnliche Pr\u00e4zision und Haltbarkeit gew\u00e4hrleistet. Zusammen mit der Originalbox und den Originalpapieren bietet diese Uhr sowohl Authentizit\u00e4t als auch eine Verbindung zum geschichtstr\u00e4chtigen Erbe von OMEGA und macht sie zu einem wertvollen Besitz f\u00fcr Sammler und Liebhaber.<\/p>\n","protected":false},"featured_media":30934,"template":"","meta":[],"product_brand":[],"product_cat":[572,571],"product_tag":[620],"watch-type":[625],"spare-parts---category":[],"included":[629],"condition":[600],"year-made":[1014],"dial-color":[659],"watch-material":[613],"movement":[666],"brands":[596],"class_list":{"0":"post-30932","1":"product","2":"type-product","3":"status-publish","4":"has-post-thumbnail","6":"product_cat-uhren","7":"product_cat-unkategorisiert","8":"product_tag-herren","9":"watch-type-herren","10":"included-papers-de","11":"condition-gebraucht","12":"year-made-2015-de","13":"dial-color-weis","14":"watch-material-edelstahl","15":"movement-automatisch","16":"brands-omega-de","18":"first","19":"outofstock","20":"purchasable","21":"product-type-simple"},"_links":{"self":[{"href":"https:\/\/timedriven.de\/de\/wp-json\/wp\/v2\/product\/30932","targetHints":{"allow":["GET"]}}],"collection":[{"href":"https:\/\/timedriven.de\/de\/wp-json\/wp\/v2\/product"}],"about":[{"href":"https:\/\/timedriven.de\/de\/wp-json\/wp\/v2\/types\/product"}],"wp:featuredmedia":[{"embeddable":true,"href":"https:\/\/timedriven.de\/de\/wp-json\/wp\/v2\/media\/30934"}],"wp:attachment":[{"href":"https:\/\/timedriven.de\/de\/wp-json\/wp\/v2\/media?parent=30932"}],"wp:term":[{"taxonomy":"product_brand","embeddable":true,"href":"https:\/\/timedriven.de\/de\/wp-json\/wp\/v2\/product_brand?post=30932"},{"taxonomy":"product_cat","embeddable":true,"href":"https:\/\/timedriven.de\/de\/wp-json\/wp\/v2\/product_cat?post=30932"},{"taxonomy":"product_tag","embeddable":true,"href":"https:\/\/timedriven.de\/de\/wp-json\/wp\/v2\/product_tag?post=30932"},{"taxonomy":"watch-type","embeddable":true,"href":"https:\/\/timedriven.de\/de\/wp-json\/wp\/v2\/watch-type?post=30932"},{"taxonomy":"spare-parts---category","embeddable":true,"href":"https:\/\/timedriven.de\/de\/wp-json\/wp\/v2\/spare-parts---category?post=30932"},{"taxonomy":"included","embeddable":true,"href":"https:\/\/timedriven.de\/de\/wp-json\/wp\/v2\/included?post=30932"},{"taxonomy":"condition","embeddable":true,"href":"https:\/\/timedriven.de\/de\/wp-json\/wp\/v2\/condition?post=30932"},{"taxonomy":"year-made","embeddable":true,"href":"https:\/\/timedriven.de\/de\/wp-json\/wp\/v2\/year-made?post=30932"},{"taxonomy":"dial-color","embeddable":true,"href":"https:\/\/timedriven.de\/de\/wp-json\/wp\/v2\/dial-color?post=30932"},{"taxonomy":"watch-material","embeddable":true,"href":"https:\/\/timedriven.de\/de\/wp-json\/wp\/v2\/watch-material?post=30932"},{"taxonomy":"movement","embeddable":true,"href":"https:\/\/timedriven.de\/de\/wp-json\/wp\/v2\/movement?post=30932"},{"taxonomy":"brands","embeddable":true,"href":"https:\/\/timedriven.de\/de\/wp-json\/wp\/v2\/brands?post=30932"}],"curies":[{"name":"wp","href":"https:\/\/api.w.org\/{rel}","templated":true}]}}