{"id":31069,"date":"2024-08-15T13:40:19","date_gmt":"2024-08-15T11:40:19","guid":{"rendered":"https:\/\/timedriven.de\/?post_type=product&#038;p=31069"},"modified":"2024-10-03T19:29:58","modified_gmt":"2024-10-03T17:29:58","slug":"iwc-pilot-chronograph-copy","status":"publish","type":"product","link":"https:\/\/timedriven.de\/de\/produkt\/iwc-pilot-chronograph-copy\/","title":{"rendered":"IWC Pilot Full Set 2019"},"content":{"rendered":"","protected":false},"excerpt":{"rendered":"<p>Erleben Sie den Nervenkitzel luftfahrtinspirierter Eleganz mit dem IWC Pilot Chronograph 2019. Dieser Zeitmesser ist Ihre Eintrittskarte, um Aufmerksamkeit zu erregen und einen neuen Standard f\u00fcr Raffinesse zu setzen. Der mit Pr\u00e4zision konstruierte und von einem zuverl\u00e4ssigen Automatikwerk angetriebene IWC Pilot Chronograph bietet Genauigkeit und Leistung, die den Anforderungen sowohl im Cockpit als auch im Sitzungssaal gerecht werden. Egal, ob Sie ein erfahrener Pilot oder Uhrenliebhaber sind oder einfach nur Wert auf feine Handwerkskunst legen, der IWC Pilot Chronograph 2019 ist eine unverzichtbare Erg\u00e4nzung Ihrer Sammlung.<\/p>\n","protected":false},"featured_media":31071,"template":"","meta":[],"product_brand":[],"product_cat":[572,571],"product_tag":[620],"watch-type":[625],"spare-parts---category":[],"included":[],"condition":[600],"year-made":[889],"dial-color":[654],"watch-material":[613],"movement":[666],"brands":[594],"class_list":{"0":"post-31069","1":"product","2":"type-product","3":"status-publish","4":"has-post-thumbnail","6":"product_cat-uhren","7":"product_cat-unkategorisiert","8":"product_tag-herren","9":"watch-type-herren","10":"condition-gebraucht","11":"year-made-2019-de","12":"dial-color-grau","13":"watch-material-edelstahl","14":"movement-automatisch","15":"brands-iwc-de","17":"first","18":"instock","19":"purchasable","20":"product-type-simple"},"_links":{"self":[{"href":"https:\/\/timedriven.de\/de\/wp-json\/wp\/v2\/product\/31069","targetHints":{"allow":["GET"]}}],"collection":[{"href":"https:\/\/timedriven.de\/de\/wp-json\/wp\/v2\/product"}],"about":[{"href":"https:\/\/timedriven.de\/de\/wp-json\/wp\/v2\/types\/product"}],"wp:featuredmedia":[{"embeddable":true,"href":"https:\/\/timedriven.de\/de\/wp-json\/wp\/v2\/media\/31071"}],"wp:attachment":[{"href":"https:\/\/timedriven.de\/de\/wp-json\/wp\/v2\/media?parent=31069"}],"wp:term":[{"taxonomy":"product_brand","embeddable":true,"href":"https:\/\/timedriven.de\/de\/wp-json\/wp\/v2\/product_brand?post=31069"},{"taxonomy":"product_cat","embeddable":true,"href":"https:\/\/timedriven.de\/de\/wp-json\/wp\/v2\/product_cat?post=31069"},{"taxonomy":"product_tag","embeddable":true,"href":"https:\/\/timedriven.de\/de\/wp-json\/wp\/v2\/product_tag?post=31069"},{"taxonomy":"watch-type","embeddable":true,"href":"https:\/\/timedriven.de\/de\/wp-json\/wp\/v2\/watch-type?post=31069"},{"taxonomy":"spare-parts---category","embeddable":true,"href":"https:\/\/timedriven.de\/de\/wp-json\/wp\/v2\/spare-parts---category?post=31069"},{"taxonomy":"included","embeddable":true,"href":"https:\/\/timedriven.de\/de\/wp-json\/wp\/v2\/included?post=31069"},{"taxonomy":"condition","embeddable":true,"href":"https:\/\/timedriven.de\/de\/wp-json\/wp\/v2\/condition?post=31069"},{"taxonomy":"year-made","embeddable":true,"href":"https:\/\/timedriven.de\/de\/wp-json\/wp\/v2\/year-made?post=31069"},{"taxonomy":"dial-color","embeddable":true,"href":"https:\/\/timedriven.de\/de\/wp-json\/wp\/v2\/dial-color?post=31069"},{"taxonomy":"watch-material","embeddable":true,"href":"https:\/\/timedriven.de\/de\/wp-json\/wp\/v2\/watch-material?post=31069"},{"taxonomy":"movement","embeddable":true,"href":"https:\/\/timedriven.de\/de\/wp-json\/wp\/v2\/movement?post=31069"},{"taxonomy":"brands","embeddable":true,"href":"https:\/\/timedriven.de\/de\/wp-json\/wp\/v2\/brands?post=31069"}],"curies":[{"name":"wp","href":"https:\/\/api.w.org\/{rel}","templated":true}]}}