{"id":31096,"date":"2024-08-15T14:33:56","date_gmt":"2024-08-15T12:33:56","guid":{"rendered":"https:\/\/timedriven.de\/?post_type=product&#038;p=31096"},"modified":"2024-10-03T19:29:58","modified_gmt":"2024-10-03T17:29:58","slug":"rolex-datejust-36-grun-copy","status":"publish","type":"product","link":"https:\/\/timedriven.de\/de\/produkt\/rolex-datejust-36-grun-copy\/","title":{"rendered":"Rolex Datejust 36 1977"},"content":{"rendered":"","protected":false},"excerpt":{"rendered":"<p>Die Rolex Datejust 36, Referenz 1601, mit Champagner-Zifferblatt ist eine beeindruckende Mischung aus Eleganz und Luxus. Dieser Zeitmesser ist in einwandfreiem Zustand und zeugt von einwandfreier Qualit\u00e4t und sorgf\u00e4ltiger Sorgfalt. Die Uhr verf\u00fcgt \u00fcber ein 36-mm-Geh\u00e4use aus Stahl und Gold, eine geriffelte L\u00fcnette und ein Jubilee-Armband, was sowohl Stil als auch Haltbarkeit gew\u00e4hrleistet. Die erstmals etwa 1977 verkaufte Rolex Datejust 36 mit der Referenznummer 1601 ist f\u00fcr ihre Pr\u00e4zision und zeitlose Ausstrahlung bekannt und macht sie zu einem \u00e4u\u00dferst begehrten St\u00fcck f\u00fcr jeden Uhrenliebhaber und -sammler.<\/p>\n","protected":false},"featured_media":31100,"template":"","meta":[],"product_brand":[],"product_cat":[572,571],"product_tag":[1735,620],"watch-type":[1819,625],"spare-parts---category":[],"included":[],"condition":[600],"year-made":[],"dial-color":[652],"watch-material":[662],"movement":[666],"brands":[598],"class_list":{"0":"post-31096","1":"product","2":"type-product","3":"status-publish","4":"has-post-thumbnail","6":"product_cat-uhren","7":"product_cat-unkategorisiert","8":"product_tag-frauen","9":"product_tag-herren","10":"watch-type-damen-de","11":"watch-type-herren","12":"condition-gebraucht","13":"dial-color-champagner-de","14":"watch-material-edelstahl-gold","15":"movement-automatisch","16":"brands-rolex-de","18":"first","19":"outofstock","20":"sold-individually","21":"purchasable","22":"product-type-simple"},"_links":{"self":[{"href":"https:\/\/timedriven.de\/de\/wp-json\/wp\/v2\/product\/31096","targetHints":{"allow":["GET"]}}],"collection":[{"href":"https:\/\/timedriven.de\/de\/wp-json\/wp\/v2\/product"}],"about":[{"href":"https:\/\/timedriven.de\/de\/wp-json\/wp\/v2\/types\/product"}],"wp:featuredmedia":[{"embeddable":true,"href":"https:\/\/timedriven.de\/de\/wp-json\/wp\/v2\/media\/31100"}],"wp:attachment":[{"href":"https:\/\/timedriven.de\/de\/wp-json\/wp\/v2\/media?parent=31096"}],"wp:term":[{"taxonomy":"product_brand","embeddable":true,"href":"https:\/\/timedriven.de\/de\/wp-json\/wp\/v2\/product_brand?post=31096"},{"taxonomy":"product_cat","embeddable":true,"href":"https:\/\/timedriven.de\/de\/wp-json\/wp\/v2\/product_cat?post=31096"},{"taxonomy":"product_tag","embeddable":true,"href":"https:\/\/timedriven.de\/de\/wp-json\/wp\/v2\/product_tag?post=31096"},{"taxonomy":"watch-type","embeddable":true,"href":"https:\/\/timedriven.de\/de\/wp-json\/wp\/v2\/watch-type?post=31096"},{"taxonomy":"spare-parts---category","embeddable":true,"href":"https:\/\/timedriven.de\/de\/wp-json\/wp\/v2\/spare-parts---category?post=31096"},{"taxonomy":"included","embeddable":true,"href":"https:\/\/timedriven.de\/de\/wp-json\/wp\/v2\/included?post=31096"},{"taxonomy":"condition","embeddable":true,"href":"https:\/\/timedriven.de\/de\/wp-json\/wp\/v2\/condition?post=31096"},{"taxonomy":"year-made","embeddable":true,"href":"https:\/\/timedriven.de\/de\/wp-json\/wp\/v2\/year-made?post=31096"},{"taxonomy":"dial-color","embeddable":true,"href":"https:\/\/timedriven.de\/de\/wp-json\/wp\/v2\/dial-color?post=31096"},{"taxonomy":"watch-material","embeddable":true,"href":"https:\/\/timedriven.de\/de\/wp-json\/wp\/v2\/watch-material?post=31096"},{"taxonomy":"movement","embeddable":true,"href":"https:\/\/timedriven.de\/de\/wp-json\/wp\/v2\/movement?post=31096"},{"taxonomy":"brands","embeddable":true,"href":"https:\/\/timedriven.de\/de\/wp-json\/wp\/v2\/brands?post=31096"}],"curies":[{"name":"wp","href":"https:\/\/api.w.org\/{rel}","templated":true}]}}