{"id":31650,"date":"2024-08-28T12:53:05","date_gmt":"2024-08-28T10:53:05","guid":{"rendered":"https:\/\/timedriven.de\/?post_type=product&#038;p=31650"},"modified":"2024-12-20T14:57:47","modified_gmt":"2024-12-20T12:57:47","slug":"omega-planet-ocean-600m-435-copy-2","status":"publish","type":"product","link":"https:\/\/timedriven.de\/de\/produkt\/omega-planet-ocean-600m-435-copy-2\/","title":{"rendered":"OMEGA Planet Ocean 600M 43,5 Full Set 2022"},"content":{"rendered":"","protected":false},"excerpt":{"rendered":"<p>Erleben Sie Stil und Leistung wie nie zuvor mit Omega Planet Ocean Uhren. Diese f\u00fcr Abenteurer konzipierten Zeitmesser verbinden Handwerkskunst mit modernster Technologie f\u00fcr Pr\u00e4zision und Zuverl\u00e4ssigkeit in jeder Umgebung. Entdecken Sie vom Tiefseetauchen bis zum Alltagsgebrauch die Eleganz und Haltbarkeit der Omega Planet Ocean-Uhren. Entdecken Sie das Erbe der Exzellenz und werten Sie Ihren Stil mit diesen ikonischen Zeitmessern auf. Neu und im Full Set aus 2022. Erstauslieferung in Deutschland.<\/p>\n","protected":false},"featured_media":35748,"template":"","meta":[],"product_brand":[],"product_cat":[572,571],"product_tag":[],"watch-type":[625],"spare-parts---category":[],"included":[629],"condition":[600],"year-made":[912],"dial-color":[615],"watch-material":[613],"movement":[666],"brands":[596],"class_list":{"0":"post-31650","1":"product","2":"type-product","3":"status-publish","4":"has-post-thumbnail","6":"product_cat-uhren","7":"product_cat-unkategorisiert","8":"watch-type-herren","9":"included-papers-de","10":"condition-gebraucht","11":"year-made-2017-de","12":"dial-color-blau","13":"watch-material-edelstahl","14":"movement-automatisch","15":"brands-omega-de","17":"first","18":"outofstock","19":"purchasable","20":"product-type-simple"},"_links":{"self":[{"href":"https:\/\/timedriven.de\/de\/wp-json\/wp\/v2\/product\/31650","targetHints":{"allow":["GET"]}}],"collection":[{"href":"https:\/\/timedriven.de\/de\/wp-json\/wp\/v2\/product"}],"about":[{"href":"https:\/\/timedriven.de\/de\/wp-json\/wp\/v2\/types\/product"}],"wp:featuredmedia":[{"embeddable":true,"href":"https:\/\/timedriven.de\/de\/wp-json\/wp\/v2\/media\/35748"}],"wp:attachment":[{"href":"https:\/\/timedriven.de\/de\/wp-json\/wp\/v2\/media?parent=31650"}],"wp:term":[{"taxonomy":"product_brand","embeddable":true,"href":"https:\/\/timedriven.de\/de\/wp-json\/wp\/v2\/product_brand?post=31650"},{"taxonomy":"product_cat","embeddable":true,"href":"https:\/\/timedriven.de\/de\/wp-json\/wp\/v2\/product_cat?post=31650"},{"taxonomy":"product_tag","embeddable":true,"href":"https:\/\/timedriven.de\/de\/wp-json\/wp\/v2\/product_tag?post=31650"},{"taxonomy":"watch-type","embeddable":true,"href":"https:\/\/timedriven.de\/de\/wp-json\/wp\/v2\/watch-type?post=31650"},{"taxonomy":"spare-parts---category","embeddable":true,"href":"https:\/\/timedriven.de\/de\/wp-json\/wp\/v2\/spare-parts---category?post=31650"},{"taxonomy":"included","embeddable":true,"href":"https:\/\/timedriven.de\/de\/wp-json\/wp\/v2\/included?post=31650"},{"taxonomy":"condition","embeddable":true,"href":"https:\/\/timedriven.de\/de\/wp-json\/wp\/v2\/condition?post=31650"},{"taxonomy":"year-made","embeddable":true,"href":"https:\/\/timedriven.de\/de\/wp-json\/wp\/v2\/year-made?post=31650"},{"taxonomy":"dial-color","embeddable":true,"href":"https:\/\/timedriven.de\/de\/wp-json\/wp\/v2\/dial-color?post=31650"},{"taxonomy":"watch-material","embeddable":true,"href":"https:\/\/timedriven.de\/de\/wp-json\/wp\/v2\/watch-material?post=31650"},{"taxonomy":"movement","embeddable":true,"href":"https:\/\/timedriven.de\/de\/wp-json\/wp\/v2\/movement?post=31650"},{"taxonomy":"brands","embeddable":true,"href":"https:\/\/timedriven.de\/de\/wp-json\/wp\/v2\/brands?post=31650"}],"curies":[{"name":"wp","href":"https:\/\/api.w.org\/{rel}","templated":true}]}}