{"id":31710,"date":"2024-09-02T15:43:22","date_gmt":"2024-09-02T13:43:22","guid":{"rendered":"https:\/\/timedriven.de\/?post_type=product&#038;p=31710"},"modified":"2024-10-03T19:29:54","modified_gmt":"2024-10-03T17:29:54","slug":"breitling-superocean-42-copy-2","status":"publish","type":"product","link":"https:\/\/timedriven.de\/de\/produkt\/breitling-superocean-42-copy-2\/","title":{"rendered":"Breitling Superocean 42 A17366 Full Set 2020"},"content":{"rendered":"","protected":false},"excerpt":{"rendered":"<div class=\"flex max-w-full flex-col flex-grow\">\n<div class=\"min-h-[20px] text-message flex w-full flex-col items-end gap-2 break-words [.text-message+&amp;]:mt-5 overflow-x-auto whitespace-normal\" dir=\"auto\" data-message-author-role=\"assistant\" data-message-id=\"7e0b87ef-bc12-49df-9a22-2657b7fe95c4\">\n<div class=\"flex w-full flex-col gap-1 empty:hidden first:pt-[3px]\">\n<div class=\"markdown prose w-full break-words dark:prose-invert light\">\n<p>Pr\u00e4sentieren Sie die Breitling Superocean 42, eine elegante Taucheruhr, die robuste Funktionalit\u00e4t mit stilvollem Design vereint. Dieses Modell aus dem Jahr 2020 mit der Referenznummer A17366 demonstriert Breitlings Engagement f\u00fcr Pr\u00e4zision und Langlebigkeit. Das 42 mm Geh\u00e4use aus Edelstahl beherbergt ein Automatikwerk, das sowohl an Land als auch unter Wasser zuverl\u00e4ssige Leistung bietet. Das auff\u00e4llige blaue Zifferblatt wird durch ein Saphirglas gesch\u00fctzt, das Kratzfestigkeit und klare Sichtbarkeit gew\u00e4hrleistet. Zusammen mit einem bequemen, von Breitling gebrandeten Kautschukarmband ist diese Uhr sowohl f\u00fcr das Tauchen als auch f\u00fcr den t\u00e4glichen Gebrauch ideal geeignet. Mit einer Bewertung von 9\/10 f\u00fcr den hervorragenden Zustand wird die Superocean 42 mit den Originalpapieren, der Box und zus\u00e4tzlicher Verpackung geliefert und bietet so ein komplettes und authentisches Kauferlebnis.<\/p>\n<\/div>\n<\/div>\n<\/div>\n<\/div>\n","protected":false},"featured_media":31712,"template":"","meta":[],"product_brand":[],"product_cat":[572,571],"product_tag":[620],"watch-type":[625],"spare-parts---category":[],"included":[629],"condition":[600],"year-made":[702],"dial-color":[615],"watch-material":[613],"movement":[666],"brands":[588],"class_list":{"0":"post-31710","1":"product","2":"type-product","3":"status-publish","4":"has-post-thumbnail","6":"product_cat-uhren","7":"product_cat-unkategorisiert","8":"product_tag-herren","9":"watch-type-herren","10":"included-papers-de","11":"condition-gebraucht","12":"year-made-2020-de","13":"dial-color-blau","14":"watch-material-edelstahl","15":"movement-automatisch","16":"brands-breitling-de","18":"first","19":"outofstock","20":"sold-individually","21":"purchasable","22":"product-type-simple"},"_links":{"self":[{"href":"https:\/\/timedriven.de\/de\/wp-json\/wp\/v2\/product\/31710","targetHints":{"allow":["GET"]}}],"collection":[{"href":"https:\/\/timedriven.de\/de\/wp-json\/wp\/v2\/product"}],"about":[{"href":"https:\/\/timedriven.de\/de\/wp-json\/wp\/v2\/types\/product"}],"wp:featuredmedia":[{"embeddable":true,"href":"https:\/\/timedriven.de\/de\/wp-json\/wp\/v2\/media\/31712"}],"wp:attachment":[{"href":"https:\/\/timedriven.de\/de\/wp-json\/wp\/v2\/media?parent=31710"}],"wp:term":[{"taxonomy":"product_brand","embeddable":true,"href":"https:\/\/timedriven.de\/de\/wp-json\/wp\/v2\/product_brand?post=31710"},{"taxonomy":"product_cat","embeddable":true,"href":"https:\/\/timedriven.de\/de\/wp-json\/wp\/v2\/product_cat?post=31710"},{"taxonomy":"product_tag","embeddable":true,"href":"https:\/\/timedriven.de\/de\/wp-json\/wp\/v2\/product_tag?post=31710"},{"taxonomy":"watch-type","embeddable":true,"href":"https:\/\/timedriven.de\/de\/wp-json\/wp\/v2\/watch-type?post=31710"},{"taxonomy":"spare-parts---category","embeddable":true,"href":"https:\/\/timedriven.de\/de\/wp-json\/wp\/v2\/spare-parts---category?post=31710"},{"taxonomy":"included","embeddable":true,"href":"https:\/\/timedriven.de\/de\/wp-json\/wp\/v2\/included?post=31710"},{"taxonomy":"condition","embeddable":true,"href":"https:\/\/timedriven.de\/de\/wp-json\/wp\/v2\/condition?post=31710"},{"taxonomy":"year-made","embeddable":true,"href":"https:\/\/timedriven.de\/de\/wp-json\/wp\/v2\/year-made?post=31710"},{"taxonomy":"dial-color","embeddable":true,"href":"https:\/\/timedriven.de\/de\/wp-json\/wp\/v2\/dial-color?post=31710"},{"taxonomy":"watch-material","embeddable":true,"href":"https:\/\/timedriven.de\/de\/wp-json\/wp\/v2\/watch-material?post=31710"},{"taxonomy":"movement","embeddable":true,"href":"https:\/\/timedriven.de\/de\/wp-json\/wp\/v2\/movement?post=31710"},{"taxonomy":"brands","embeddable":true,"href":"https:\/\/timedriven.de\/de\/wp-json\/wp\/v2\/brands?post=31710"}],"curies":[{"name":"wp","href":"https:\/\/api.w.org\/{rel}","templated":true}]}}