{"id":31745,"date":"2024-09-02T18:27:28","date_gmt":"2024-09-02T16:27:28","guid":{"rendered":"https:\/\/timedriven.de\/?post_type=product&#038;p=31745"},"modified":"2024-10-03T19:29:54","modified_gmt":"2024-10-03T17:29:54","slug":"rolex-daytona-full-set-2005-copy","status":"publish","type":"product","link":"https:\/\/timedriven.de\/de\/produkt\/rolex-daytona-full-set-2005-copy\/","title":{"rendered":"Rolex Daytona 2009"},"content":{"rendered":"","protected":false},"excerpt":{"rendered":"<p>G\u00f6nnen Sie sich den ikonischen Charme der Rolex Daytona, beispielhaft dargestellt durch die Referenz 116520 mit makellos schwarzen Zifferblatt aus dem Jahr 2009. Das klassische Design ist in robusten Edelstahl geh\u00fcllt und wird durch kontrastierende Hilfszifferbl\u00e4tter akzentuiert, die der zeitlosen Eleganz eine dynamische Note verleihen. Das legend\u00e4re Automatikwerk Kaliber 4130 versorgt seine Chronographenfunktionen mit beispielloser Genauigkeit und Zuverl\u00e4ssigkeit. Mit ihrer unverkennbar sportlichen und dennoch raffinierten \u00c4sthetik ist diese Rolex Daytona ein begehrtes Sammlerst\u00fcck und verk\u00f6rpert das bleibende Erbe der Daytona-Linie.<\/p>\n","protected":false},"featured_media":31777,"template":"","meta":[],"product_brand":[],"product_cat":[572,571],"product_tag":[],"watch-type":[625],"spare-parts---category":[],"included":[],"condition":[600],"year-made":[1034],"dial-color":[601],"watch-material":[613],"movement":[666],"brands":[598],"class_list":{"0":"post-31745","1":"product","2":"type-product","3":"status-publish","4":"has-post-thumbnail","6":"product_cat-uhren","7":"product_cat-unkategorisiert","8":"watch-type-herren","9":"condition-gebraucht","10":"year-made-2009-de","11":"dial-color-schwarz","12":"watch-material-edelstahl","13":"movement-automatisch","14":"brands-rolex-de","16":"first","17":"outofstock","18":"sold-individually","19":"purchasable","20":"product-type-simple"},"_links":{"self":[{"href":"https:\/\/timedriven.de\/de\/wp-json\/wp\/v2\/product\/31745","targetHints":{"allow":["GET"]}}],"collection":[{"href":"https:\/\/timedriven.de\/de\/wp-json\/wp\/v2\/product"}],"about":[{"href":"https:\/\/timedriven.de\/de\/wp-json\/wp\/v2\/types\/product"}],"wp:featuredmedia":[{"embeddable":true,"href":"https:\/\/timedriven.de\/de\/wp-json\/wp\/v2\/media\/31777"}],"wp:attachment":[{"href":"https:\/\/timedriven.de\/de\/wp-json\/wp\/v2\/media?parent=31745"}],"wp:term":[{"taxonomy":"product_brand","embeddable":true,"href":"https:\/\/timedriven.de\/de\/wp-json\/wp\/v2\/product_brand?post=31745"},{"taxonomy":"product_cat","embeddable":true,"href":"https:\/\/timedriven.de\/de\/wp-json\/wp\/v2\/product_cat?post=31745"},{"taxonomy":"product_tag","embeddable":true,"href":"https:\/\/timedriven.de\/de\/wp-json\/wp\/v2\/product_tag?post=31745"},{"taxonomy":"watch-type","embeddable":true,"href":"https:\/\/timedriven.de\/de\/wp-json\/wp\/v2\/watch-type?post=31745"},{"taxonomy":"spare-parts---category","embeddable":true,"href":"https:\/\/timedriven.de\/de\/wp-json\/wp\/v2\/spare-parts---category?post=31745"},{"taxonomy":"included","embeddable":true,"href":"https:\/\/timedriven.de\/de\/wp-json\/wp\/v2\/included?post=31745"},{"taxonomy":"condition","embeddable":true,"href":"https:\/\/timedriven.de\/de\/wp-json\/wp\/v2\/condition?post=31745"},{"taxonomy":"year-made","embeddable":true,"href":"https:\/\/timedriven.de\/de\/wp-json\/wp\/v2\/year-made?post=31745"},{"taxonomy":"dial-color","embeddable":true,"href":"https:\/\/timedriven.de\/de\/wp-json\/wp\/v2\/dial-color?post=31745"},{"taxonomy":"watch-material","embeddable":true,"href":"https:\/\/timedriven.de\/de\/wp-json\/wp\/v2\/watch-material?post=31745"},{"taxonomy":"movement","embeddable":true,"href":"https:\/\/timedriven.de\/de\/wp-json\/wp\/v2\/movement?post=31745"},{"taxonomy":"brands","embeddable":true,"href":"https:\/\/timedriven.de\/de\/wp-json\/wp\/v2\/brands?post=31745"}],"curies":[{"name":"wp","href":"https:\/\/api.w.org\/{rel}","templated":true}]}}