{"id":32668,"date":"2024-09-23T18:22:56","date_gmt":"2024-09-23T16:22:56","guid":{"rendered":"https:\/\/timedriven.de\/?post_type=product&#038;p=32668"},"modified":"2024-10-03T19:29:50","modified_gmt":"2024-10-03T17:29:50","slug":"rolex-day-date-40-2020-copy","status":"publish","type":"product","link":"https:\/\/timedriven.de\/de\/produkt\/rolex-day-date-40-2020-copy\/","title":{"rendered":"Rolex Daytona 2022"},"content":{"rendered":"","protected":false},"excerpt":{"rendered":"<p>Entdecken Sie die zeitlose Eleganz der Rolex Daytona, Referenz 116505, aus dem Jahr 2022. Dieser exquisite Zeitmesser verf\u00fcgt \u00fcber ein 40-mm-Geh\u00e4use und -Armband aus Ros\u00e9gold, gepaart mit einem edlen schwarzen Zifferblatt. Gesch\u00fctzt durch ein Saphirglas beherbergt es ein zuverl\u00e4ssiges Automatikwerk. Diese Uhr ist neu und ungetragen. Eine perfekte Erg\u00e4nzung f\u00fcr jeden anspruchsvollen Sammler. Komplettset mit Box und Papieren.<\/p>\n","protected":false},"featured_media":32674,"template":"","meta":[],"product_brand":[],"product_cat":[572,571],"product_tag":[],"watch-type":[625],"spare-parts---category":[],"included":[629],"condition":[631],"year-made":[842],"dial-color":[601],"watch-material":[661],"movement":[666],"brands":[598],"class_list":{"0":"post-32668","1":"product","2":"type-product","3":"status-publish","4":"has-post-thumbnail","6":"product_cat-uhren","7":"product_cat-unkategorisiert","8":"watch-type-herren","9":"included-papers-de","10":"condition-neu","11":"year-made-2022-de","12":"dial-color-schwarz","13":"watch-material-rosegold","14":"movement-automatisch","15":"brands-rolex-de","17":"first","18":"outofstock","19":"sold-individually","20":"purchasable","21":"product-type-simple"},"_links":{"self":[{"href":"https:\/\/timedriven.de\/de\/wp-json\/wp\/v2\/product\/32668","targetHints":{"allow":["GET"]}}],"collection":[{"href":"https:\/\/timedriven.de\/de\/wp-json\/wp\/v2\/product"}],"about":[{"href":"https:\/\/timedriven.de\/de\/wp-json\/wp\/v2\/types\/product"}],"wp:featuredmedia":[{"embeddable":true,"href":"https:\/\/timedriven.de\/de\/wp-json\/wp\/v2\/media\/32674"}],"wp:attachment":[{"href":"https:\/\/timedriven.de\/de\/wp-json\/wp\/v2\/media?parent=32668"}],"wp:term":[{"taxonomy":"product_brand","embeddable":true,"href":"https:\/\/timedriven.de\/de\/wp-json\/wp\/v2\/product_brand?post=32668"},{"taxonomy":"product_cat","embeddable":true,"href":"https:\/\/timedriven.de\/de\/wp-json\/wp\/v2\/product_cat?post=32668"},{"taxonomy":"product_tag","embeddable":true,"href":"https:\/\/timedriven.de\/de\/wp-json\/wp\/v2\/product_tag?post=32668"},{"taxonomy":"watch-type","embeddable":true,"href":"https:\/\/timedriven.de\/de\/wp-json\/wp\/v2\/watch-type?post=32668"},{"taxonomy":"spare-parts---category","embeddable":true,"href":"https:\/\/timedriven.de\/de\/wp-json\/wp\/v2\/spare-parts---category?post=32668"},{"taxonomy":"included","embeddable":true,"href":"https:\/\/timedriven.de\/de\/wp-json\/wp\/v2\/included?post=32668"},{"taxonomy":"condition","embeddable":true,"href":"https:\/\/timedriven.de\/de\/wp-json\/wp\/v2\/condition?post=32668"},{"taxonomy":"year-made","embeddable":true,"href":"https:\/\/timedriven.de\/de\/wp-json\/wp\/v2\/year-made?post=32668"},{"taxonomy":"dial-color","embeddable":true,"href":"https:\/\/timedriven.de\/de\/wp-json\/wp\/v2\/dial-color?post=32668"},{"taxonomy":"watch-material","embeddable":true,"href":"https:\/\/timedriven.de\/de\/wp-json\/wp\/v2\/watch-material?post=32668"},{"taxonomy":"movement","embeddable":true,"href":"https:\/\/timedriven.de\/de\/wp-json\/wp\/v2\/movement?post=32668"},{"taxonomy":"brands","embeddable":true,"href":"https:\/\/timedriven.de\/de\/wp-json\/wp\/v2\/brands?post=32668"}],"curies":[{"name":"wp","href":"https:\/\/api.w.org\/{rel}","templated":true}]}}