{"id":32742,"date":"2024-09-28T13:57:24","date_gmt":"2024-09-28T11:57:24","guid":{"rendered":"https:\/\/timedriven.de\/?post_type=product&#038;p=32742"},"modified":"2024-10-14T19:05:42","modified_gmt":"2024-10-14T17:05:42","slug":"tudor-black-bay-58-2020-copy-2","status":"publish","type":"product","link":"https:\/\/timedriven.de\/de\/produkt\/tudor-black-bay-58-2020-copy-2\/","title":{"rendered":"Tudor Black Bay 58 79030B Full Set 09\/2024 NEU Blau"},"content":{"rendered":"<p>&nbsp;<\/p>\n<p>&nbsp;<\/p>\n","protected":false},"excerpt":{"rendered":"<div class=\"w-full pt-2 md:pt-0 dark:border-white\/20 md:border-transparent md:dark:border-transparent md:w-[calc(100%-.5rem)]\">\n<form class=\"stretch mx-2 flex flex-row gap-3 last:mb-2 md:mx-4 md:last:mb-6 lg:mx-auto lg:max-w-2xl xl:max-w-3xl\">\n<div class=\"relative flex h-full flex-1 flex-col\">\n<div class=\"absolute bottom-full left-0 right-0\">\n<div class=\"flex flex-grow flex-col max-w-full\">\n<div class=\"min-h-[20px] text-message flex flex-col items-start whitespace-pre-wrap break-words [.text-message+&amp;]:mt-5 juice:w-full juice:items-end overflow-x-auto gap-2\" dir=\"auto\" data-message-author-role=\"assistant\" data-message-id=\"86619d72-1faa-4451-8ed1-5eef9f5d759a\">\n<div class=\"flex w-full flex-col gap-1 juice:empty:hidden juice:first:pt-[3px]\">\n<div class=\"markdown prose w-full break-words dark:prose-invert light\">Die Tudor Black Bay 58, Referenz 79030B, ist ein au\u00dfergew\u00f6hnlicher Zeitmesser aus dem Jahr 2020. Es verf\u00fcgt \u00fcber ein 39-mm-Geh\u00e4use und wird von einem Automatikwerk angetrieben. Die Uhr verf\u00fcgt \u00fcber ein elegantes blaues Zifferblatt, das durch ein Saphirglas gesch\u00fctzt ist. Es verf\u00fcgt \u00fcber das Tudor-Armband aus Stahl. Im Lieferumfang enthalten sind Originalpapiere, Box, Umkarton, Brosch\u00fcren und die Erstkaufrechnung LC100<\/div>\n<\/div>\n<\/div>\n<\/div>\n<\/div>\n<\/div>\n<\/form>\n<\/div>\n","protected":false},"featured_media":32736,"template":"","meta":[],"product_brand":[],"product_cat":[572,571],"product_tag":[1735,620],"watch-type":[625],"spare-parts---category":[],"included":[629],"condition":[631],"year-made":[1643],"dial-color":[615],"watch-material":[613],"movement":[666],"brands":[599],"class_list":{"0":"post-32742","1":"product","2":"type-product","3":"status-publish","4":"has-post-thumbnail","6":"product_cat-uhren","7":"product_cat-unkategorisiert","8":"product_tag-frauen","9":"product_tag-herren","10":"watch-type-herren","11":"included-papers-de","12":"condition-neu","13":"year-made-2024-de","14":"dial-color-blau","15":"watch-material-edelstahl","16":"movement-automatisch","17":"brands-tudor-de","19":"first","20":"outofstock","21":"sold-individually","22":"purchasable","23":"product-type-simple"},"_links":{"self":[{"href":"https:\/\/timedriven.de\/de\/wp-json\/wp\/v2\/product\/32742","targetHints":{"allow":["GET"]}}],"collection":[{"href":"https:\/\/timedriven.de\/de\/wp-json\/wp\/v2\/product"}],"about":[{"href":"https:\/\/timedriven.de\/de\/wp-json\/wp\/v2\/types\/product"}],"wp:featuredmedia":[{"embeddable":true,"href":"https:\/\/timedriven.de\/de\/wp-json\/wp\/v2\/media\/32736"}],"wp:attachment":[{"href":"https:\/\/timedriven.de\/de\/wp-json\/wp\/v2\/media?parent=32742"}],"wp:term":[{"taxonomy":"product_brand","embeddable":true,"href":"https:\/\/timedriven.de\/de\/wp-json\/wp\/v2\/product_brand?post=32742"},{"taxonomy":"product_cat","embeddable":true,"href":"https:\/\/timedriven.de\/de\/wp-json\/wp\/v2\/product_cat?post=32742"},{"taxonomy":"product_tag","embeddable":true,"href":"https:\/\/timedriven.de\/de\/wp-json\/wp\/v2\/product_tag?post=32742"},{"taxonomy":"watch-type","embeddable":true,"href":"https:\/\/timedriven.de\/de\/wp-json\/wp\/v2\/watch-type?post=32742"},{"taxonomy":"spare-parts---category","embeddable":true,"href":"https:\/\/timedriven.de\/de\/wp-json\/wp\/v2\/spare-parts---category?post=32742"},{"taxonomy":"included","embeddable":true,"href":"https:\/\/timedriven.de\/de\/wp-json\/wp\/v2\/included?post=32742"},{"taxonomy":"condition","embeddable":true,"href":"https:\/\/timedriven.de\/de\/wp-json\/wp\/v2\/condition?post=32742"},{"taxonomy":"year-made","embeddable":true,"href":"https:\/\/timedriven.de\/de\/wp-json\/wp\/v2\/year-made?post=32742"},{"taxonomy":"dial-color","embeddable":true,"href":"https:\/\/timedriven.de\/de\/wp-json\/wp\/v2\/dial-color?post=32742"},{"taxonomy":"watch-material","embeddable":true,"href":"https:\/\/timedriven.de\/de\/wp-json\/wp\/v2\/watch-material?post=32742"},{"taxonomy":"movement","embeddable":true,"href":"https:\/\/timedriven.de\/de\/wp-json\/wp\/v2\/movement?post=32742"},{"taxonomy":"brands","embeddable":true,"href":"https:\/\/timedriven.de\/de\/wp-json\/wp\/v2\/brands?post=32742"}],"curies":[{"name":"wp","href":"https:\/\/api.w.org\/{rel}","templated":true}]}}