{"id":32917,"date":"2024-10-14T13:01:11","date_gmt":"2024-10-14T11:01:11","guid":{"rendered":"https:\/\/timedriven.de\/?post_type=product&#038;p=32917"},"modified":"2024-10-14T18:55:13","modified_gmt":"2024-10-14T16:55:13","slug":"audemars-piguet-royal-oak-26331st-papiere-2020-copy-2","status":"publish","type":"product","link":"https:\/\/timedriven.de\/de\/produkt\/audemars-piguet-royal-oak-26331st-papiere-2020-copy-2\/","title":{"rendered":"Audemars Piguet Royal Oak 26331ST Full Set"},"content":{"rendered":"","protected":false},"excerpt":{"rendered":"<pre id=\"tw-target-text\" class=\"tw-data-text tw-text-large tw-ta\" dir=\"ltr\" data-placeholder=\"\u00dcbersetzung\" aria-label=\"\u00dcbersetzter Text\" data-ved=\"2ahUKEwj09Le-06GGAxWr9gIHHS5zDS4Q3ewLegQIBRAU\"><span class=\"Y2IQFc\" lang=\"de\">Der Audemars Piguet Royal Oak Chronograph \u201ePanda\u201c mit der Referenz 26331ST ist ein herausragender Zeitmesser aus dem Jahr 2020. Er verf\u00fcgt \u00fcber ein auff\u00e4lliges silbernes Zifferblatt, das durch kontrastierende schwarze Hilfszifferbl\u00e4tter und ein Datumsfenster akzentuiert wird und die klassische \u201ePanda\u201c-\u00c4sthetik verk\u00f6rpert. Die Uhr ist in einem robusten 41-mm-Edelstahlgeh\u00e4use mit der charakteristischen achteckigen L\u00fcnette und freiliegenden Schrauben untergebracht und unterstreicht die renommierte Handwerkskunst der Marke. Die Originalpapiere dieses Chronographen gew\u00e4hrleisten Authentizit\u00e4t und Herkunft. Mit seiner Mischung aus sportlicher Eleganz und technischer Pr\u00e4zision ist dieser Royal Oak Chronograph eine begehrte Erg\u00e4nzung f\u00fcr jeden Uhrenliebhaber.<\/span><\/pre>\n","protected":false},"featured_media":32919,"template":"","meta":[],"product_brand":[],"product_cat":[572,571],"product_tag":[620],"watch-type":[625],"spare-parts---category":[],"included":[629],"condition":[600],"year-made":[702],"dial-color":[659],"watch-material":[613],"movement":[666],"brands":[587],"class_list":{"0":"post-32917","1":"product","2":"type-product","3":"status-publish","4":"has-post-thumbnail","6":"product_cat-uhren","7":"product_cat-unkategorisiert","8":"product_tag-herren","9":"watch-type-herren","10":"included-papers-de","11":"condition-gebraucht","12":"year-made-2020-de","13":"dial-color-weis","14":"watch-material-edelstahl","15":"movement-automatisch","16":"brands-audemars-piguet-de","18":"first","19":"outofstock","20":"sold-individually","21":"purchasable","22":"product-type-simple"},"_links":{"self":[{"href":"https:\/\/timedriven.de\/de\/wp-json\/wp\/v2\/product\/32917","targetHints":{"allow":["GET"]}}],"collection":[{"href":"https:\/\/timedriven.de\/de\/wp-json\/wp\/v2\/product"}],"about":[{"href":"https:\/\/timedriven.de\/de\/wp-json\/wp\/v2\/types\/product"}],"wp:featuredmedia":[{"embeddable":true,"href":"https:\/\/timedriven.de\/de\/wp-json\/wp\/v2\/media\/32919"}],"wp:attachment":[{"href":"https:\/\/timedriven.de\/de\/wp-json\/wp\/v2\/media?parent=32917"}],"wp:term":[{"taxonomy":"product_brand","embeddable":true,"href":"https:\/\/timedriven.de\/de\/wp-json\/wp\/v2\/product_brand?post=32917"},{"taxonomy":"product_cat","embeddable":true,"href":"https:\/\/timedriven.de\/de\/wp-json\/wp\/v2\/product_cat?post=32917"},{"taxonomy":"product_tag","embeddable":true,"href":"https:\/\/timedriven.de\/de\/wp-json\/wp\/v2\/product_tag?post=32917"},{"taxonomy":"watch-type","embeddable":true,"href":"https:\/\/timedriven.de\/de\/wp-json\/wp\/v2\/watch-type?post=32917"},{"taxonomy":"spare-parts---category","embeddable":true,"href":"https:\/\/timedriven.de\/de\/wp-json\/wp\/v2\/spare-parts---category?post=32917"},{"taxonomy":"included","embeddable":true,"href":"https:\/\/timedriven.de\/de\/wp-json\/wp\/v2\/included?post=32917"},{"taxonomy":"condition","embeddable":true,"href":"https:\/\/timedriven.de\/de\/wp-json\/wp\/v2\/condition?post=32917"},{"taxonomy":"year-made","embeddable":true,"href":"https:\/\/timedriven.de\/de\/wp-json\/wp\/v2\/year-made?post=32917"},{"taxonomy":"dial-color","embeddable":true,"href":"https:\/\/timedriven.de\/de\/wp-json\/wp\/v2\/dial-color?post=32917"},{"taxonomy":"watch-material","embeddable":true,"href":"https:\/\/timedriven.de\/de\/wp-json\/wp\/v2\/watch-material?post=32917"},{"taxonomy":"movement","embeddable":true,"href":"https:\/\/timedriven.de\/de\/wp-json\/wp\/v2\/movement?post=32917"},{"taxonomy":"brands","embeddable":true,"href":"https:\/\/timedriven.de\/de\/wp-json\/wp\/v2\/brands?post=32917"}],"curies":[{"name":"wp","href":"https:\/\/api.w.org\/{rel}","templated":true}]}}