{"id":33074,"date":"2024-10-17T11:48:49","date_gmt":"2024-10-17T09:48:49","guid":{"rendered":"https:\/\/timedriven.de\/?post_type=product&#038;p=33074"},"modified":"2024-10-17T14:11:48","modified_gmt":"2024-10-17T12:11:48","slug":"rolex-day-date-36-118206-box-papers-11-2006-lc-100","status":"publish","type":"product","link":"https:\/\/timedriven.de\/de\/produkt\/rolex-day-date-36-118206-box-papers-11-2006-lc-100\/","title":{"rendered":"Rolex Day Date 36 118206 Box Papers 11\/2006 LC 100"},"content":{"rendered":"","protected":false},"excerpt":{"rendered":"<div class=\"flex flex-grow flex-col max-w-full\">\n<div class=\"min-h-[20px] text-message flex flex-col items-start whitespace-pre-wrap break-words [.text-message+&amp;]:mt-5 juice:w-full juice:items-end overflow-x-auto gap-2\" dir=\"auto\" data-message-author-role=\"assistant\" data-message-id=\"79179ae8-f2b7-42d1-98a3-a9526a3aad7a\">\n<div class=\"flex w-full flex-col gap-1 juice:empty:hidden juice:first:pt-[3px]\">\n<div class=\"markdown prose w-full break-words dark:prose-invert light\">\n<p>Entdecken Sie die zeitlose Eleganz der Rolex Day-Date 40, Referenz 228235, aus dem Jahr 2020. Dieser exquisite Zeitmesser verf\u00fcgt \u00fcber ein 40-mm-Geh\u00e4use und -Armband aus Rosegold, gepaart mit einem edlen braunenZifferblatt. Gesch\u00fctzt durch ein Saphirglas beherbergt es ein zuverl\u00e4ssiges Automatikwerk. Diese Uhr ist in sehr gutem Zustand, bewertet mit 9\/10. Eine perfekte Erg\u00e4nzung f\u00fcr jeden anspruchsvollen Sammler. Komplettes Set mit Box und Papieren. Werksauslieferung mit dem schokoladenfarbendem Zifferblatt.<\/p>\n<\/div>\n<\/div>\n<\/div>\n<\/div>\n","protected":false},"featured_media":32633,"template":"","meta":[],"product_brand":[],"product_cat":[572,571],"product_tag":[],"watch-type":[625],"spare-parts---category":[],"included":[2268,629],"condition":[600],"year-made":[702],"dial-color":[1338],"watch-material":[661],"movement":[666],"brands":[598],"class_list":{"0":"post-33074","1":"product","2":"type-product","3":"status-publish","4":"has-post-thumbnail","6":"product_cat-uhren","7":"product_cat-unkategorisiert","8":"watch-type-herren","9":"included-box-de","10":"included-papers-de","11":"condition-gebraucht","12":"year-made-2020-de","13":"dial-color-braun","14":"watch-material-rosegold","15":"movement-automatisch","16":"brands-rolex-de","18":"first","19":"outofstock","20":"sold-individually","21":"purchasable","22":"product-type-simple"},"_links":{"self":[{"href":"https:\/\/timedriven.de\/de\/wp-json\/wp\/v2\/product\/33074","targetHints":{"allow":["GET"]}}],"collection":[{"href":"https:\/\/timedriven.de\/de\/wp-json\/wp\/v2\/product"}],"about":[{"href":"https:\/\/timedriven.de\/de\/wp-json\/wp\/v2\/types\/product"}],"wp:featuredmedia":[{"embeddable":true,"href":"https:\/\/timedriven.de\/de\/wp-json\/wp\/v2\/media\/32633"}],"wp:attachment":[{"href":"https:\/\/timedriven.de\/de\/wp-json\/wp\/v2\/media?parent=33074"}],"wp:term":[{"taxonomy":"product_brand","embeddable":true,"href":"https:\/\/timedriven.de\/de\/wp-json\/wp\/v2\/product_brand?post=33074"},{"taxonomy":"product_cat","embeddable":true,"href":"https:\/\/timedriven.de\/de\/wp-json\/wp\/v2\/product_cat?post=33074"},{"taxonomy":"product_tag","embeddable":true,"href":"https:\/\/timedriven.de\/de\/wp-json\/wp\/v2\/product_tag?post=33074"},{"taxonomy":"watch-type","embeddable":true,"href":"https:\/\/timedriven.de\/de\/wp-json\/wp\/v2\/watch-type?post=33074"},{"taxonomy":"spare-parts---category","embeddable":true,"href":"https:\/\/timedriven.de\/de\/wp-json\/wp\/v2\/spare-parts---category?post=33074"},{"taxonomy":"included","embeddable":true,"href":"https:\/\/timedriven.de\/de\/wp-json\/wp\/v2\/included?post=33074"},{"taxonomy":"condition","embeddable":true,"href":"https:\/\/timedriven.de\/de\/wp-json\/wp\/v2\/condition?post=33074"},{"taxonomy":"year-made","embeddable":true,"href":"https:\/\/timedriven.de\/de\/wp-json\/wp\/v2\/year-made?post=33074"},{"taxonomy":"dial-color","embeddable":true,"href":"https:\/\/timedriven.de\/de\/wp-json\/wp\/v2\/dial-color?post=33074"},{"taxonomy":"watch-material","embeddable":true,"href":"https:\/\/timedriven.de\/de\/wp-json\/wp\/v2\/watch-material?post=33074"},{"taxonomy":"movement","embeddable":true,"href":"https:\/\/timedriven.de\/de\/wp-json\/wp\/v2\/movement?post=33074"},{"taxonomy":"brands","embeddable":true,"href":"https:\/\/timedriven.de\/de\/wp-json\/wp\/v2\/brands?post=33074"}],"curies":[{"name":"wp","href":"https:\/\/api.w.org\/{rel}","templated":true}]}}