{"id":42145,"date":"2025-02-08T16:33:01","date_gmt":"2025-02-08T14:33:01","guid":{"rendered":"https:\/\/timedriven.de\/?post_type=product&#038;p=42145"},"modified":"2025-02-11T18:01:39","modified_gmt":"2025-02-11T16:01:39","slug":"rolex-oyster-perpetual-39-114300-copy-2","status":"publish","type":"product","link":"https:\/\/timedriven.de\/de\/produkt\/rolex-oyster-perpetual-39-114300-copy-2\/","title":{"rendered":"Rolex Oyster Perpetual 36 116000 Full Set 2014 Silber Stahl"},"content":{"rendered":"","protected":false},"excerpt":{"rendered":"<div class=\"w-full text-token-text-primary\" dir=\"auto\" data-testid=\"conversation-turn-7\">\n<div class=\"px-4 py-2 justify-center text-base md:gap-6 m-auto\">\n<div class=\"flex flex-1 text-base mx-auto gap-3 juice:gap-4 juice:md:gap-6 md:px-5 lg:px-1 xl:px-5 md:max-w-3xl lg:max-w-[40rem] xl:max-w-[48rem] group final-completion\">\n<div class=\"relative flex w-full flex-col agent-turn\">\n<div class=\"flex-col gap-1 md:gap-3\">\n<div class=\"flex flex-grow flex-col max-w-full\">\n<div class=\"min-h-[20px] text-message flex flex-col items-start gap-3 whitespace-pre-wrap break-words [.text-message+&amp;]:mt-5 overflow-x-auto\" dir=\"auto\" data-message-author-role=\"assistant\" data-message-id=\"8ea56095-fa9d-4fe9-9e20-2e14fa85ca4e\">\n<div class=\"markdown prose w-full break-words dark:prose-invert light\">\n<p>Die Rolex Oyster Perpetual 39 mit schwarzem Zifferblatt, Referenz 114300, ist eine zeitlose Ikone von Eleganz und Pr\u00e4zision. Mit seinem 39 mm-Edelstahlgeh\u00e4use und dem eleganten schwarzen Zifferblatt, das mit leuchtenden Markierungen verziert ist, strahlt es Raffinesse aus. Angetrieben vom Rolex Kaliber 3132 bietet sie au\u00dfergew\u00f6hnliche Genauigkeit und Zuverl\u00e4ssigkeit. In Kombination mit seinem Oyster-Armband ist diese Uhr nicht nur stilvoll, sondern auch langlebig. In sehr gutem Zustand ist sie ein Beweis f\u00fcr anhaltende Qualit\u00e4t und zeitlosen Stil.<\/p>\n<\/div>\n<\/div>\n<\/div>\n<\/div>\n<\/div>\n<\/div>\n<\/div>\n<\/div>\n","protected":false},"featured_media":42179,"template":"","meta":[],"product_brand":[],"product_cat":[572,571],"product_tag":[1735,620],"watch-type":[1557,625],"spare-parts---category":[],"included":[629],"condition":[600],"year-made":[897],"dial-color":[658],"watch-material":[613],"movement":[666],"brands":[598],"class_list":{"0":"post-42145","1":"product","2":"type-product","3":"status-publish","4":"has-post-thumbnail","6":"product_cat-uhren","7":"product_cat-unkategorisiert","8":"product_tag-frauen","9":"product_tag-herren","10":"watch-type-damenwelt","11":"watch-type-herren","12":"included-papers-de","13":"condition-gebraucht","14":"year-made-2014-de","15":"dial-color-silber","16":"watch-material-edelstahl","17":"movement-automatisch","18":"brands-rolex-de","20":"first","21":"outofstock","22":"sale","23":"sold-individually","24":"purchasable","25":"product-type-simple"},"_links":{"self":[{"href":"https:\/\/timedriven.de\/de\/wp-json\/wp\/v2\/product\/42145","targetHints":{"allow":["GET"]}}],"collection":[{"href":"https:\/\/timedriven.de\/de\/wp-json\/wp\/v2\/product"}],"about":[{"href":"https:\/\/timedriven.de\/de\/wp-json\/wp\/v2\/types\/product"}],"wp:featuredmedia":[{"embeddable":true,"href":"https:\/\/timedriven.de\/de\/wp-json\/wp\/v2\/media\/42179"}],"wp:attachment":[{"href":"https:\/\/timedriven.de\/de\/wp-json\/wp\/v2\/media?parent=42145"}],"wp:term":[{"taxonomy":"product_brand","embeddable":true,"href":"https:\/\/timedriven.de\/de\/wp-json\/wp\/v2\/product_brand?post=42145"},{"taxonomy":"product_cat","embeddable":true,"href":"https:\/\/timedriven.de\/de\/wp-json\/wp\/v2\/product_cat?post=42145"},{"taxonomy":"product_tag","embeddable":true,"href":"https:\/\/timedriven.de\/de\/wp-json\/wp\/v2\/product_tag?post=42145"},{"taxonomy":"watch-type","embeddable":true,"href":"https:\/\/timedriven.de\/de\/wp-json\/wp\/v2\/watch-type?post=42145"},{"taxonomy":"spare-parts---category","embeddable":true,"href":"https:\/\/timedriven.de\/de\/wp-json\/wp\/v2\/spare-parts---category?post=42145"},{"taxonomy":"included","embeddable":true,"href":"https:\/\/timedriven.de\/de\/wp-json\/wp\/v2\/included?post=42145"},{"taxonomy":"condition","embeddable":true,"href":"https:\/\/timedriven.de\/de\/wp-json\/wp\/v2\/condition?post=42145"},{"taxonomy":"year-made","embeddable":true,"href":"https:\/\/timedriven.de\/de\/wp-json\/wp\/v2\/year-made?post=42145"},{"taxonomy":"dial-color","embeddable":true,"href":"https:\/\/timedriven.de\/de\/wp-json\/wp\/v2\/dial-color?post=42145"},{"taxonomy":"watch-material","embeddable":true,"href":"https:\/\/timedriven.de\/de\/wp-json\/wp\/v2\/watch-material?post=42145"},{"taxonomy":"movement","embeddable":true,"href":"https:\/\/timedriven.de\/de\/wp-json\/wp\/v2\/movement?post=42145"},{"taxonomy":"brands","embeddable":true,"href":"https:\/\/timedriven.de\/de\/wp-json\/wp\/v2\/brands?post=42145"}],"curies":[{"name":"wp","href":"https:\/\/api.w.org\/{rel}","templated":true}]}}