{"id":44371,"date":"2025-03-04T18:53:39","date_gmt":"2025-03-04T16:53:39","guid":{"rendered":"https:\/\/timedriven.de\/?post_type=product&#038;p=44371"},"modified":"2025-06-06T15:29:30","modified_gmt":"2025-06-06T13:29:30","slug":"iwc-ingenieur-3521-full-set-1995-stahl-gold","status":"publish","type":"product","link":"https:\/\/timedriven.de\/de\/produkt\/iwc-ingenieur-3521-full-set-1995-stahl-gold\/","title":{"rendered":"IWC Ingenieur 3521 Full Set 1995 Stahl\/Gold"},"content":{"rendered":"","protected":false},"excerpt":{"rendered":"<p>Die IWC Ingenieur 3521 ist der ultimative Zeitmesser f\u00fcr den modernen Mann, der Pr\u00e4zisionstechnik und exquisites Design sch\u00e4tzt.<\/p>\n<p>Diese mit viel Liebe zum Detail gefertigte Uhr besticht durch ihr schlankes und raffiniertes Erscheinungsbild mit einem 34-mm-Edelstahlgeh\u00e4use und einem luxuri\u00f6sen wei\u00dfen Zifferblatt. Das wei\u00dfe Zifferblatt ist mit Tritiumzeigern und -markierungen versehen, w\u00e4hrend das Saphirglas f\u00fcr Kratzfestigkeit und Haltbarkeit sorgt.<\/p>\n<div class=\"w-full border-b border-black\/10 dark:border-gray-900\/50 text-gray-800 dark:text-gray-100 group bg-gray-50 dark:bg-[#444654]\">\n<div class=\"text-base gap-4 md:gap-6 m-auto md:max-w-2xl lg:max-w-2xl xl:max-w-3xl p-4 md:py-6 flex lg:px-0\">\n<div class=\"relative flex w-[calc(100%-50px)] flex-col gap-1 md:gap-3 lg:w-[calc(100%-115px)]\">\n<div class=\"flex flex-grow flex-col gap-3\">\n<div class=\"min-h-[20px] flex flex-col items-start gap-4 whitespace-pre-wrap\">\n<div class=\"markdown prose w-full break-words dark:prose-invert light\">\n<p>Erleben Sie die perfekte Verbindung von Form und Funktion mit der IWC Ingenieur 3521. Bestellen Sie noch heute und heben Sie Ihren Stil auf die n\u00e4chste Stufe.<\/p>\n<\/div>\n<\/div>\n<\/div>\n<\/div>\n<\/div>\n<\/div>\n","protected":false},"featured_media":44373,"template":"","meta":[],"product_brand":[],"product_cat":[572,571],"product_tag":[1735,620],"watch-type":[625],"spare-parts---category":[],"included":[629],"condition":[600],"year-made":[641],"dial-color":[659],"watch-material":[662],"movement":[666],"brands":[594],"class_list":{"0":"post-44371","1":"product","2":"type-product","3":"status-publish","4":"has-post-thumbnail","6":"product_cat-uhren","7":"product_cat-unkategorisiert","8":"product_tag-frauen","9":"product_tag-herren","10":"watch-type-herren","11":"included-papers-de","12":"condition-gebraucht","13":"year-made-1995-de","14":"dial-color-weis","15":"watch-material-edelstahl-gold","16":"movement-automatisch","17":"brands-iwc-de","19":"first","20":"outofstock","21":"sold-individually","22":"purchasable","23":"product-type-simple"},"_links":{"self":[{"href":"https:\/\/timedriven.de\/de\/wp-json\/wp\/v2\/product\/44371","targetHints":{"allow":["GET"]}}],"collection":[{"href":"https:\/\/timedriven.de\/de\/wp-json\/wp\/v2\/product"}],"about":[{"href":"https:\/\/timedriven.de\/de\/wp-json\/wp\/v2\/types\/product"}],"wp:featuredmedia":[{"embeddable":true,"href":"https:\/\/timedriven.de\/de\/wp-json\/wp\/v2\/media\/44373"}],"wp:attachment":[{"href":"https:\/\/timedriven.de\/de\/wp-json\/wp\/v2\/media?parent=44371"}],"wp:term":[{"taxonomy":"product_brand","embeddable":true,"href":"https:\/\/timedriven.de\/de\/wp-json\/wp\/v2\/product_brand?post=44371"},{"taxonomy":"product_cat","embeddable":true,"href":"https:\/\/timedriven.de\/de\/wp-json\/wp\/v2\/product_cat?post=44371"},{"taxonomy":"product_tag","embeddable":true,"href":"https:\/\/timedriven.de\/de\/wp-json\/wp\/v2\/product_tag?post=44371"},{"taxonomy":"watch-type","embeddable":true,"href":"https:\/\/timedriven.de\/de\/wp-json\/wp\/v2\/watch-type?post=44371"},{"taxonomy":"spare-parts---category","embeddable":true,"href":"https:\/\/timedriven.de\/de\/wp-json\/wp\/v2\/spare-parts---category?post=44371"},{"taxonomy":"included","embeddable":true,"href":"https:\/\/timedriven.de\/de\/wp-json\/wp\/v2\/included?post=44371"},{"taxonomy":"condition","embeddable":true,"href":"https:\/\/timedriven.de\/de\/wp-json\/wp\/v2\/condition?post=44371"},{"taxonomy":"year-made","embeddable":true,"href":"https:\/\/timedriven.de\/de\/wp-json\/wp\/v2\/year-made?post=44371"},{"taxonomy":"dial-color","embeddable":true,"href":"https:\/\/timedriven.de\/de\/wp-json\/wp\/v2\/dial-color?post=44371"},{"taxonomy":"watch-material","embeddable":true,"href":"https:\/\/timedriven.de\/de\/wp-json\/wp\/v2\/watch-material?post=44371"},{"taxonomy":"movement","embeddable":true,"href":"https:\/\/timedriven.de\/de\/wp-json\/wp\/v2\/movement?post=44371"},{"taxonomy":"brands","embeddable":true,"href":"https:\/\/timedriven.de\/de\/wp-json\/wp\/v2\/brands?post=44371"}],"curies":[{"name":"wp","href":"https:\/\/api.w.org\/{rel}","templated":true}]}}