{"id":46567,"date":"2025-04-05T12:38:23","date_gmt":"2025-04-05T10:38:23","guid":{"rendered":"https:\/\/timedriven.de\/?post_type=product&#038;p=46567"},"modified":"2025-04-05T14:53:41","modified_gmt":"2025-04-05T12:53:41","slug":"rolex-datejust-41-126334-full-set-03-2025-neu-lc-100-jubilee-weiss","status":"publish","type":"product","link":"https:\/\/timedriven.de\/de\/produkt\/rolex-datejust-41-126334-full-set-03-2025-neu-lc-100-jubilee-weiss\/","title":{"rendered":"Rolex Datejust 41 126334 Full Set 03\/2025 NEU LC 100 Jubilee Wei\u00df"},"content":{"rendered":"","protected":false},"excerpt":{"rendered":"<div class=\"flex-1 overflow-hidden\">\n<div class=\"react-scroll-to-bottom--css-xqhdl-79elbk h-full\">\n<div class=\"react-scroll-to-bottom--css-xqhdl-1n7m0yu\">\n<div class=\"flex flex-col pb-9 text-sm\">\n<div class=\"w-full text-token-text-primary\" data-testid=\"conversation-turn-19\">\n<div class=\"px-4 py-2 justify-center text-base md:gap-6 m-auto\">\n<div class=\"flex flex-1 text-base mx-auto gap-3 md:px-5 lg:px-1 xl:px-5 md:max-w-3xl lg:max-w-[40rem] xl:max-w-[48rem] } group final-completion\">\n<div class=\"relative flex w-full flex-col lg:w-[calc(100%-115px)] agent-turn\">\n<div class=\"flex-col gap-1 md:gap-3\">\n<div class=\"flex flex-grow flex-col max-w-full\">\n<div class=\"min-h-[20px] text-message flex flex-col items-start gap-3 whitespace-pre-wrap break-words [.text-message+&amp;]:mt-5 overflow-x-auto\" data-message-author-role=\"assistant\" data-message-id=\"744094d4-2dd4-41d0-8828-671485a37445\">\n<div class=\"markdown prose w-full break-words dark:prose-invert light\">\n<p>Zeitlose Eleganz mit der Rolex Datejust 36, Modell 116234, mit blauem Zifferblatt. Hergestellt im Jahr 2018 aus Stahl gefertigte Zeitmesser verbindet m\u00fchelos Raffinesse mit best\u00e4ndigem Stil. Erh\u00f6hen Sie Ihre Eleganz mit der Rolex Datejust 36 &#8211; einer harmonischen Mischung aus Luxus und schlichter Sch\u00f6nheit. Komplettes Set mit Box und Papieren aus Deutschland.<\/p>\n<\/div>\n<\/div>\n<\/div>\n<\/div>\n<\/div>\n<\/div>\n<\/div>\n<\/div>\n<\/div>\n<\/div>\n<\/div>\n<\/div>\n","protected":false},"featured_media":46571,"template":"","meta":[],"product_brand":[],"product_cat":[572,571],"product_tag":[620],"watch-type":[625],"spare-parts---category":[],"included":[629],"condition":[600],"year-made":[2673],"dial-color":[659],"watch-material":[613],"movement":[666],"brands":[598],"class_list":{"0":"post-46567","1":"product","2":"type-product","3":"status-publish","4":"has-post-thumbnail","6":"product_cat-uhren","7":"product_cat-unkategorisiert","8":"product_tag-herren","9":"watch-type-herren","10":"included-papers-de","11":"condition-gebraucht","12":"year-made-2025-de","13":"dial-color-weis","14":"watch-material-edelstahl","15":"movement-automatisch","16":"brands-rolex-de","18":"first","19":"outofstock","20":"sold-individually","21":"purchasable","22":"product-type-simple"},"_links":{"self":[{"href":"https:\/\/timedriven.de\/de\/wp-json\/wp\/v2\/product\/46567","targetHints":{"allow":["GET"]}}],"collection":[{"href":"https:\/\/timedriven.de\/de\/wp-json\/wp\/v2\/product"}],"about":[{"href":"https:\/\/timedriven.de\/de\/wp-json\/wp\/v2\/types\/product"}],"wp:featuredmedia":[{"embeddable":true,"href":"https:\/\/timedriven.de\/de\/wp-json\/wp\/v2\/media\/46571"}],"wp:attachment":[{"href":"https:\/\/timedriven.de\/de\/wp-json\/wp\/v2\/media?parent=46567"}],"wp:term":[{"taxonomy":"product_brand","embeddable":true,"href":"https:\/\/timedriven.de\/de\/wp-json\/wp\/v2\/product_brand?post=46567"},{"taxonomy":"product_cat","embeddable":true,"href":"https:\/\/timedriven.de\/de\/wp-json\/wp\/v2\/product_cat?post=46567"},{"taxonomy":"product_tag","embeddable":true,"href":"https:\/\/timedriven.de\/de\/wp-json\/wp\/v2\/product_tag?post=46567"},{"taxonomy":"watch-type","embeddable":true,"href":"https:\/\/timedriven.de\/de\/wp-json\/wp\/v2\/watch-type?post=46567"},{"taxonomy":"spare-parts---category","embeddable":true,"href":"https:\/\/timedriven.de\/de\/wp-json\/wp\/v2\/spare-parts---category?post=46567"},{"taxonomy":"included","embeddable":true,"href":"https:\/\/timedriven.de\/de\/wp-json\/wp\/v2\/included?post=46567"},{"taxonomy":"condition","embeddable":true,"href":"https:\/\/timedriven.de\/de\/wp-json\/wp\/v2\/condition?post=46567"},{"taxonomy":"year-made","embeddable":true,"href":"https:\/\/timedriven.de\/de\/wp-json\/wp\/v2\/year-made?post=46567"},{"taxonomy":"dial-color","embeddable":true,"href":"https:\/\/timedriven.de\/de\/wp-json\/wp\/v2\/dial-color?post=46567"},{"taxonomy":"watch-material","embeddable":true,"href":"https:\/\/timedriven.de\/de\/wp-json\/wp\/v2\/watch-material?post=46567"},{"taxonomy":"movement","embeddable":true,"href":"https:\/\/timedriven.de\/de\/wp-json\/wp\/v2\/movement?post=46567"},{"taxonomy":"brands","embeddable":true,"href":"https:\/\/timedriven.de\/de\/wp-json\/wp\/v2\/brands?post=46567"}],"curies":[{"name":"wp","href":"https:\/\/api.w.org\/{rel}","templated":true}]}}