{"id":47312,"date":"2025-04-14T20:46:51","date_gmt":"2025-04-14T18:46:51","guid":{"rendered":"https:\/\/timedriven.de\/?post_type=product&#038;p=47312"},"modified":"2025-04-14T21:11:42","modified_gmt":"2025-04-14T19:11:42","slug":"chopard-mille-miglia-chrono-ltd-1000-8915-titan-automatik","status":"publish","type":"product","link":"https:\/\/timedriven.de\/de\/produkt\/chopard-mille-miglia-chrono-ltd-1000-8915-titan-automatik\/","title":{"rendered":"Chopard Mille Miglia Chrono LTD 1000 8915 Titan Automatik"},"content":{"rendered":"","protected":false},"excerpt":{"rendered":"<p>Die Automatikuhr Chopard Classic 18 Gelbgold ist ein Symbol f\u00fcr zeitlose Eleganz und au\u00dfergew\u00f6hnliche Handwerkskunst. Das aus 18-Karat-Gelbgold gefertigte Geh\u00e4use strahlt Luxus mit einem warmen und gl\u00e4nzenden Farbton aus. Das sorgf\u00e4ltig in der Schweiz gefertigte Automatikwerk gew\u00e4hrleistet eine pr\u00e4zise Zeitmessung, ohne dass ein Handaufzug erforderlich ist. Mit seinem klassischen Design und seiner \u00fcberlegenen Technik ist dieser Zeitmesser sowohl ein Ausdruck raffinierten Geschmacks als auch ein zuverl\u00e4ssiger Begleiter f\u00fcr jeden Anlass.<\/p>\n","protected":false},"featured_media":47346,"template":"","meta":[],"product_brand":[],"product_cat":[572,571],"product_tag":[620],"watch-type":[625],"spare-parts---category":[],"included":[],"condition":[600],"year-made":[],"dial-color":[601],"watch-material":[663],"movement":[666],"brands":[2178],"class_list":{"0":"post-47312","1":"product","2":"type-product","3":"status-publish","4":"has-post-thumbnail","6":"product_cat-uhren","7":"product_cat-unkategorisiert","8":"product_tag-herren","9":"watch-type-herren","10":"condition-gebraucht","11":"dial-color-schwarz","12":"watch-material-titan","13":"movement-automatisch","14":"brands-chopard-de","16":"first","17":"outofstock","18":"sale","19":"sold-individually","20":"purchasable","21":"product-type-simple"},"_links":{"self":[{"href":"https:\/\/timedriven.de\/de\/wp-json\/wp\/v2\/product\/47312","targetHints":{"allow":["GET"]}}],"collection":[{"href":"https:\/\/timedriven.de\/de\/wp-json\/wp\/v2\/product"}],"about":[{"href":"https:\/\/timedriven.de\/de\/wp-json\/wp\/v2\/types\/product"}],"wp:featuredmedia":[{"embeddable":true,"href":"https:\/\/timedriven.de\/de\/wp-json\/wp\/v2\/media\/47346"}],"wp:attachment":[{"href":"https:\/\/timedriven.de\/de\/wp-json\/wp\/v2\/media?parent=47312"}],"wp:term":[{"taxonomy":"product_brand","embeddable":true,"href":"https:\/\/timedriven.de\/de\/wp-json\/wp\/v2\/product_brand?post=47312"},{"taxonomy":"product_cat","embeddable":true,"href":"https:\/\/timedriven.de\/de\/wp-json\/wp\/v2\/product_cat?post=47312"},{"taxonomy":"product_tag","embeddable":true,"href":"https:\/\/timedriven.de\/de\/wp-json\/wp\/v2\/product_tag?post=47312"},{"taxonomy":"watch-type","embeddable":true,"href":"https:\/\/timedriven.de\/de\/wp-json\/wp\/v2\/watch-type?post=47312"},{"taxonomy":"spare-parts---category","embeddable":true,"href":"https:\/\/timedriven.de\/de\/wp-json\/wp\/v2\/spare-parts---category?post=47312"},{"taxonomy":"included","embeddable":true,"href":"https:\/\/timedriven.de\/de\/wp-json\/wp\/v2\/included?post=47312"},{"taxonomy":"condition","embeddable":true,"href":"https:\/\/timedriven.de\/de\/wp-json\/wp\/v2\/condition?post=47312"},{"taxonomy":"year-made","embeddable":true,"href":"https:\/\/timedriven.de\/de\/wp-json\/wp\/v2\/year-made?post=47312"},{"taxonomy":"dial-color","embeddable":true,"href":"https:\/\/timedriven.de\/de\/wp-json\/wp\/v2\/dial-color?post=47312"},{"taxonomy":"watch-material","embeddable":true,"href":"https:\/\/timedriven.de\/de\/wp-json\/wp\/v2\/watch-material?post=47312"},{"taxonomy":"movement","embeddable":true,"href":"https:\/\/timedriven.de\/de\/wp-json\/wp\/v2\/movement?post=47312"},{"taxonomy":"brands","embeddable":true,"href":"https:\/\/timedriven.de\/de\/wp-json\/wp\/v2\/brands?post=47312"}],"curies":[{"name":"wp","href":"https:\/\/api.w.org\/{rel}","templated":true}]}}