{"id":47542,"date":"2025-04-26T16:52:44","date_gmt":"2025-04-26T14:52:44","guid":{"rendered":"https:\/\/timedriven.de\/?post_type=product&#038;p=47542"},"modified":"2025-04-29T11:07:00","modified_gmt":"2025-04-29T09:07:00","slug":"iwc-pilot-top-gun-ceramic-iw389101-full-set-2025-neu-automatik","status":"publish","type":"product","link":"https:\/\/timedriven.de\/de\/produkt\/iwc-pilot-top-gun-ceramic-iw389101-full-set-2025-neu-automatik\/","title":{"rendered":"IWC Pilot Top Gun Ceramic IW389101 Full Set 2025 NEU Automatik"},"content":{"rendered":"","protected":false},"excerpt":{"rendered":"<div class=\"flex flex-grow flex-col max-w-full\">\n<div class=\"min-h-[20px] text-message flex flex-col items-start whitespace-pre-wrap break-words [.text-message+&amp;]:mt-5 juice:w-full juice:items-end overflow-x-auto gap-2\" dir=\"auto\" data-message-author-role=\"assistant\" data-message-id=\"5175c5cf-8196-45d3-ae88-129df04c5e60\">\n<div class=\"flex w-full flex-col gap-1 juice:empty:hidden juice:first:pt-[3px]\">\n<div class=\"markdown prose w-full break-words dark:prose-invert light\">\n<p>Die IWC Big Pilot Chronograph Top Gun, Referenz IW389101, ist eine 44,5 mm gro\u00dfe Uhr aus schwarzer Keramik mit einem schwarzen Zifferblatt, wei\u00dfen Ziffern und leuchtenden Zeigern. Urspr\u00fcnglich im Jahr 2021 verkauft, kommt sie als Komplettsatz mit ihrer originalen Box und Papieren. Angetrieben wird sie vom IWC Kaliber 69380, das einen Chronographen, eine Datumsanzeige und eine Gangreserve von 46 Stunden bietet. Das schwarze Textilarmband und die Wasserdichtigkeit von 60 Metern machen sie sowohl stilvoll als auch funktional und verk\u00f6rpern das luftfahrthistorische Erbe und die Pr\u00e4zisionsingenieurskunst von IWC.<\/p>\n<\/div>\n<\/div>\n<\/div>\n<\/div>\n","protected":false},"featured_media":47546,"template":"","meta":[],"product_brand":[],"product_cat":[572,571],"product_tag":[620],"watch-type":[625],"spare-parts---category":[],"included":[629],"condition":[631],"year-made":[2673],"dial-color":[601],"watch-material":[1628],"movement":[666],"brands":[594],"class_list":{"0":"post-47542","1":"product","2":"type-product","3":"status-publish","4":"has-post-thumbnail","6":"product_cat-uhren","7":"product_cat-unkategorisiert","8":"product_tag-herren","9":"watch-type-herren","10":"included-papers-de","11":"condition-neu","12":"year-made-2025-de","13":"dial-color-schwarz","14":"watch-material-keramik","15":"movement-automatisch","16":"brands-iwc-de","18":"first","19":"outofstock","20":"sold-individually","21":"purchasable","22":"product-type-simple"},"_links":{"self":[{"href":"https:\/\/timedriven.de\/de\/wp-json\/wp\/v2\/product\/47542","targetHints":{"allow":["GET"]}}],"collection":[{"href":"https:\/\/timedriven.de\/de\/wp-json\/wp\/v2\/product"}],"about":[{"href":"https:\/\/timedriven.de\/de\/wp-json\/wp\/v2\/types\/product"}],"wp:featuredmedia":[{"embeddable":true,"href":"https:\/\/timedriven.de\/de\/wp-json\/wp\/v2\/media\/47546"}],"wp:attachment":[{"href":"https:\/\/timedriven.de\/de\/wp-json\/wp\/v2\/media?parent=47542"}],"wp:term":[{"taxonomy":"product_brand","embeddable":true,"href":"https:\/\/timedriven.de\/de\/wp-json\/wp\/v2\/product_brand?post=47542"},{"taxonomy":"product_cat","embeddable":true,"href":"https:\/\/timedriven.de\/de\/wp-json\/wp\/v2\/product_cat?post=47542"},{"taxonomy":"product_tag","embeddable":true,"href":"https:\/\/timedriven.de\/de\/wp-json\/wp\/v2\/product_tag?post=47542"},{"taxonomy":"watch-type","embeddable":true,"href":"https:\/\/timedriven.de\/de\/wp-json\/wp\/v2\/watch-type?post=47542"},{"taxonomy":"spare-parts---category","embeddable":true,"href":"https:\/\/timedriven.de\/de\/wp-json\/wp\/v2\/spare-parts---category?post=47542"},{"taxonomy":"included","embeddable":true,"href":"https:\/\/timedriven.de\/de\/wp-json\/wp\/v2\/included?post=47542"},{"taxonomy":"condition","embeddable":true,"href":"https:\/\/timedriven.de\/de\/wp-json\/wp\/v2\/condition?post=47542"},{"taxonomy":"year-made","embeddable":true,"href":"https:\/\/timedriven.de\/de\/wp-json\/wp\/v2\/year-made?post=47542"},{"taxonomy":"dial-color","embeddable":true,"href":"https:\/\/timedriven.de\/de\/wp-json\/wp\/v2\/dial-color?post=47542"},{"taxonomy":"watch-material","embeddable":true,"href":"https:\/\/timedriven.de\/de\/wp-json\/wp\/v2\/watch-material?post=47542"},{"taxonomy":"movement","embeddable":true,"href":"https:\/\/timedriven.de\/de\/wp-json\/wp\/v2\/movement?post=47542"},{"taxonomy":"brands","embeddable":true,"href":"https:\/\/timedriven.de\/de\/wp-json\/wp\/v2\/brands?post=47542"}],"curies":[{"name":"wp","href":"https:\/\/api.w.org\/{rel}","templated":true}]}}