{"id":47600,"date":"2025-04-26T17:04:38","date_gmt":"2025-04-26T15:04:38","guid":{"rendered":"https:\/\/timedriven.de\/?post_type=product&#038;p=47600"},"modified":"2025-05-11T22:03:39","modified_gmt":"2025-05-11T20:03:39","slug":"breitling-superocean-44-a17376-full-set-2025-neu-blau","status":"publish","type":"product","link":"https:\/\/timedriven.de\/de\/produkt\/breitling-superocean-44-a17376-full-set-2025-neu-blau\/","title":{"rendered":"Breitling Superocean 44 A17376 Full Set 2025 NEU Blau"},"content":{"rendered":"","protected":false},"excerpt":{"rendered":"<div class=\"flex-1 overflow-hidden\">\n<div class=\"react-scroll-to-bottom--css-racis-79elbk h-full\">\n<div class=\"react-scroll-to-bottom--css-racis-1n7m0yu\">\n<div class=\"flex flex-col text-sm pb-9\">\n<div class=\"w-full text-token-text-primary\" data-testid=\"conversation-turn-21\">\n<div class=\"px-4 py-2 justify-center text-base md:gap-6 m-auto\">\n<div class=\"flex flex-1 text-base mx-auto gap-3 md:px-5 lg:px-1 xl:px-5 md:max-w-3xl lg:max-w-[40rem] xl:max-w-[48rem] group final-completion\">\n<div class=\"relative flex w-full flex-col agent-turn\">\n<div class=\"flex-col gap-1 md:gap-3\">\n<div class=\"flex flex-grow flex-col max-w-full\">\n<div class=\"min-h-[20px] text-message flex flex-col items-start gap-3 whitespace-pre-wrap break-words [.text-message+&amp;]:mt-5 overflow-x-auto\" data-message-author-role=\"assistant\" data-message-id=\"03b222f6-2a80-490b-a49d-7fc6a889233b\">\n<div class=\"markdown prose w-full break-words dark:prose-invert light\">\n<p>Die Breitling Superocean 44, Referenz A17376, aus dem Jahr 2023 ist auf nur 200 St\u00fcck weltweit limitiert. Dieser Zeitmesser wird als komplettes Set mit Originalbox, Papieren und Zubeh\u00f6r geliefert. Die mit Pr\u00e4zision gefertigte Uhr spiegelt das Engagement von Breitling f\u00fcr Spitzenleistungen und Innovation wider. Das robuste 44-mm-Edelstahlgeh\u00e4use h\u00e4lt auch extremen Bedingungen stand und ist damit der perfekte Begleiter f\u00fcr Tauchabenteuer. Das schlichte schwarze Zifferblatt ist mit Leuchtmarkierungen und -zeigern ausgestattet, die eine optimale Ablesbarkeit auch in den Tiefen des Ozeans gew\u00e4hrleisten. Die Superocean 44 wird von einem zuverl\u00e4ssigen Automatikwerk angetrieben, das f\u00fcr eine pr\u00e4zise Zeitmessung sorgt. Diese urspr\u00fcnglich in Deutschland verkaufte, limitierte Breitling ist ein begehrtes Sammlerst\u00fcck, das Exklusivit\u00e4t mit au\u00dfergew\u00f6hnlicher Leistung verbindet.<\/p>\n<\/div>\n<\/div>\n<\/div>\n<\/div>\n<\/div>\n<\/div>\n<\/div>\n<\/div>\n<\/div>\n<\/div>\n<\/div>\n<\/div>\n","protected":false},"featured_media":47602,"template":"","meta":[],"product_brand":[],"product_cat":[572,571],"product_tag":[620],"watch-type":[625],"spare-parts---category":[],"included":[629],"condition":[631],"year-made":[2673],"dial-color":[601],"watch-material":[613],"movement":[666],"brands":[588],"class_list":{"0":"post-47600","1":"product","2":"type-product","3":"status-publish","4":"has-post-thumbnail","6":"product_cat-uhren","7":"product_cat-unkategorisiert","8":"product_tag-herren","9":"watch-type-herren","10":"included-papers-de","11":"condition-neu","12":"year-made-2025-de","13":"dial-color-schwarz","14":"watch-material-edelstahl","15":"movement-automatisch","16":"brands-breitling-de","18":"first","19":"outofstock","20":"sold-individually","21":"purchasable","22":"product-type-simple"},"_links":{"self":[{"href":"https:\/\/timedriven.de\/de\/wp-json\/wp\/v2\/product\/47600","targetHints":{"allow":["GET"]}}],"collection":[{"href":"https:\/\/timedriven.de\/de\/wp-json\/wp\/v2\/product"}],"about":[{"href":"https:\/\/timedriven.de\/de\/wp-json\/wp\/v2\/types\/product"}],"wp:featuredmedia":[{"embeddable":true,"href":"https:\/\/timedriven.de\/de\/wp-json\/wp\/v2\/media\/47602"}],"wp:attachment":[{"href":"https:\/\/timedriven.de\/de\/wp-json\/wp\/v2\/media?parent=47600"}],"wp:term":[{"taxonomy":"product_brand","embeddable":true,"href":"https:\/\/timedriven.de\/de\/wp-json\/wp\/v2\/product_brand?post=47600"},{"taxonomy":"product_cat","embeddable":true,"href":"https:\/\/timedriven.de\/de\/wp-json\/wp\/v2\/product_cat?post=47600"},{"taxonomy":"product_tag","embeddable":true,"href":"https:\/\/timedriven.de\/de\/wp-json\/wp\/v2\/product_tag?post=47600"},{"taxonomy":"watch-type","embeddable":true,"href":"https:\/\/timedriven.de\/de\/wp-json\/wp\/v2\/watch-type?post=47600"},{"taxonomy":"spare-parts---category","embeddable":true,"href":"https:\/\/timedriven.de\/de\/wp-json\/wp\/v2\/spare-parts---category?post=47600"},{"taxonomy":"included","embeddable":true,"href":"https:\/\/timedriven.de\/de\/wp-json\/wp\/v2\/included?post=47600"},{"taxonomy":"condition","embeddable":true,"href":"https:\/\/timedriven.de\/de\/wp-json\/wp\/v2\/condition?post=47600"},{"taxonomy":"year-made","embeddable":true,"href":"https:\/\/timedriven.de\/de\/wp-json\/wp\/v2\/year-made?post=47600"},{"taxonomy":"dial-color","embeddable":true,"href":"https:\/\/timedriven.de\/de\/wp-json\/wp\/v2\/dial-color?post=47600"},{"taxonomy":"watch-material","embeddable":true,"href":"https:\/\/timedriven.de\/de\/wp-json\/wp\/v2\/watch-material?post=47600"},{"taxonomy":"movement","embeddable":true,"href":"https:\/\/timedriven.de\/de\/wp-json\/wp\/v2\/movement?post=47600"},{"taxonomy":"brands","embeddable":true,"href":"https:\/\/timedriven.de\/de\/wp-json\/wp\/v2\/brands?post=47600"}],"curies":[{"name":"wp","href":"https:\/\/api.w.org\/{rel}","templated":true}]}}