{"id":59459,"date":"2025-09-05T16:20:55","date_gmt":"2025-09-05T14:20:55","guid":{"rendered":"https:\/\/timedriven.de\/?post_type=product&#038;p=59459"},"modified":"2025-09-18T11:17:22","modified_gmt":"2025-09-18T09:17:22","slug":"rolex-sea-dweller-126603-papiere-10-2020-steel-gold","status":"publish","type":"product","link":"https:\/\/timedriven.de\/de\/produkt\/rolex-sea-dweller-126603-papiere-10-2020-steel-gold\/","title":{"rendered":"Rolex Sea-Dweller 126603 Papiere 10-2020 Steel\/Gold"},"content":{"rendered":"","protected":false},"excerpt":{"rendered":"<p>Die Rolex Sea Dweller 16600: ein unverzichtbares Accessoire f\u00fcr Taucher. Mit einem Edelstahlgeh\u00e4use, das bis zu einer Tiefe von 1.220 Metern (4.000 Fu\u00df) wasserdicht ist, ist es bereit f\u00fcr die Erkundung der Tiefsee. Mit ihrem schwarzen Leuchtzifferblatt und dem Rolex-Automatikwerk ist sie stilvoll und zuverl\u00e4ssig zugleich. Tauchen Sie ein in Luxus mit der Sea Dweller 16600. Komplettset 2005 in Deutschland verkauft. Rolex-Service 2019.<\/p>\n","protected":false},"featured_media":59487,"template":"","meta":[],"product_brand":[],"product_cat":[572,571],"product_tag":[620],"watch-type":[625],"spare-parts---category":[],"included":[629],"condition":[600],"year-made":[702],"dial-color":[615],"watch-material":[613],"movement":[666],"brands":[598],"class_list":{"0":"post-59459","1":"product","2":"type-product","3":"status-publish","4":"has-post-thumbnail","6":"product_cat-uhren","7":"product_cat-unkategorisiert","8":"product_tag-herren","9":"watch-type-herren","10":"included-papers-de","11":"condition-gebraucht","12":"year-made-2020-de","13":"dial-color-blau","14":"watch-material-edelstahl","15":"movement-automatisch","16":"brands-rolex-de","18":"first","19":"outofstock","20":"sold-individually","21":"purchasable","22":"product-type-simple"},"_links":{"self":[{"href":"https:\/\/timedriven.de\/de\/wp-json\/wp\/v2\/product\/59459","targetHints":{"allow":["GET"]}}],"collection":[{"href":"https:\/\/timedriven.de\/de\/wp-json\/wp\/v2\/product"}],"about":[{"href":"https:\/\/timedriven.de\/de\/wp-json\/wp\/v2\/types\/product"}],"wp:featuredmedia":[{"embeddable":true,"href":"https:\/\/timedriven.de\/de\/wp-json\/wp\/v2\/media\/59487"}],"wp:attachment":[{"href":"https:\/\/timedriven.de\/de\/wp-json\/wp\/v2\/media?parent=59459"}],"wp:term":[{"taxonomy":"product_brand","embeddable":true,"href":"https:\/\/timedriven.de\/de\/wp-json\/wp\/v2\/product_brand?post=59459"},{"taxonomy":"product_cat","embeddable":true,"href":"https:\/\/timedriven.de\/de\/wp-json\/wp\/v2\/product_cat?post=59459"},{"taxonomy":"product_tag","embeddable":true,"href":"https:\/\/timedriven.de\/de\/wp-json\/wp\/v2\/product_tag?post=59459"},{"taxonomy":"watch-type","embeddable":true,"href":"https:\/\/timedriven.de\/de\/wp-json\/wp\/v2\/watch-type?post=59459"},{"taxonomy":"spare-parts---category","embeddable":true,"href":"https:\/\/timedriven.de\/de\/wp-json\/wp\/v2\/spare-parts---category?post=59459"},{"taxonomy":"included","embeddable":true,"href":"https:\/\/timedriven.de\/de\/wp-json\/wp\/v2\/included?post=59459"},{"taxonomy":"condition","embeddable":true,"href":"https:\/\/timedriven.de\/de\/wp-json\/wp\/v2\/condition?post=59459"},{"taxonomy":"year-made","embeddable":true,"href":"https:\/\/timedriven.de\/de\/wp-json\/wp\/v2\/year-made?post=59459"},{"taxonomy":"dial-color","embeddable":true,"href":"https:\/\/timedriven.de\/de\/wp-json\/wp\/v2\/dial-color?post=59459"},{"taxonomy":"watch-material","embeddable":true,"href":"https:\/\/timedriven.de\/de\/wp-json\/wp\/v2\/watch-material?post=59459"},{"taxonomy":"movement","embeddable":true,"href":"https:\/\/timedriven.de\/de\/wp-json\/wp\/v2\/movement?post=59459"},{"taxonomy":"brands","embeddable":true,"href":"https:\/\/timedriven.de\/de\/wp-json\/wp\/v2\/brands?post=59459"}],"curies":[{"name":"wp","href":"https:\/\/api.w.org\/{rel}","templated":true}]}}