{"id":59817,"date":"2025-09-11T18:48:07","date_gmt":"2025-09-11T16:48:07","guid":{"rendered":"https:\/\/timedriven.de\/?post_type=product&#038;p=59817"},"modified":"2025-09-18T10:18:23","modified_gmt":"2025-09-18T08:18:23","slug":"patek-philippe-twenty4-4910-10a-010-papiere-2000-diamonds","status":"publish","type":"product","link":"https:\/\/timedriven.de\/de\/produkt\/patek-philippe-twenty4-4910-10a-010-papiere-2000-diamonds\/","title":{"rendered":"Patek Philippe Twenty4 4910\/10A-010 Papiere 2000 Diamonds"},"content":{"rendered":"","protected":false},"excerpt":{"rendered":"<p>Wir stellen Ihnen die Patek Philippe Nautilus 5712 vor, ein Symbol f\u00fcr unvergleichlichen Luxus, die 2014 gefertigt und urspr\u00fcnglich in Deutschland verkauft wurde. Tauchen Sie ein in die exquisite Handwerkskunst, die diesen Zeitmesser ausmacht und das Engagement von Patek Philippe f\u00fcr Design und Materialexzellenz unterstreicht. Diese Nautilus, komplett mit ihren Originalpapieren, Brosch\u00fcren und Verpackung, bietet Sammlern ein seltenes und vollst\u00e4ndiges Set, das das Besitzerlebnis steigert. Mit besonderen Merkmalen wie einer Mondphasenanzeige ist die Nautilus 5712 nicht nur eine Uhr, sondern ein exklusives Kunstwerk. Angetrieben von modernster Mechanik gew\u00e4hrleistet diese Uhr Pr\u00e4zision und Zuverl\u00e4ssigkeit und spiegelt Patek Philippes Engagement wider, die Grenzen der Uhrmachertechnologie zu verschieben. Verpassen Sie nicht die Chance, dieses weltweit gefragte Sammlerst\u00fcck zu besitzen, denn es erz\u00e4hlt eine Geschichte von Luxus, Raffinesse und zeitlosem Design. Wir freuen uns \u00fcber ernsthafte Anfragen, um diese 2014 in Deutschland geborene Patek Philippe Nautilus 5712 zu einer gesch\u00e4tzten Erg\u00e4nzung Ihrer Sammlung zu machen.<\/p>\n","protected":false},"featured_media":59759,"template":"","meta":[],"product_brand":[],"product_cat":[572,571],"product_tag":[1735],"watch-type":[625],"spare-parts---category":[],"included":[629],"condition":[600],"year-made":[614],"dial-color":[615],"watch-material":[613],"movement":[602],"brands":[597],"class_list":{"0":"post-59817","1":"product","2":"type-product","3":"status-publish","4":"has-post-thumbnail","6":"product_cat-uhren","7":"product_cat-unkategorisiert","8":"product_tag-frauen","9":"watch-type-herren","10":"included-papers-de","11":"condition-gebraucht","12":"year-made-2000-de","13":"dial-color-blau","14":"watch-material-edelstahl","15":"movement-quarz-de","16":"brands-patek-philippe-de","18":"first","19":"outofstock","20":"sold-individually","21":"purchasable","22":"product-type-simple"},"_links":{"self":[{"href":"https:\/\/timedriven.de\/de\/wp-json\/wp\/v2\/product\/59817","targetHints":{"allow":["GET"]}}],"collection":[{"href":"https:\/\/timedriven.de\/de\/wp-json\/wp\/v2\/product"}],"about":[{"href":"https:\/\/timedriven.de\/de\/wp-json\/wp\/v2\/types\/product"}],"wp:featuredmedia":[{"embeddable":true,"href":"https:\/\/timedriven.de\/de\/wp-json\/wp\/v2\/media\/59759"}],"wp:attachment":[{"href":"https:\/\/timedriven.de\/de\/wp-json\/wp\/v2\/media?parent=59817"}],"wp:term":[{"taxonomy":"product_brand","embeddable":true,"href":"https:\/\/timedriven.de\/de\/wp-json\/wp\/v2\/product_brand?post=59817"},{"taxonomy":"product_cat","embeddable":true,"href":"https:\/\/timedriven.de\/de\/wp-json\/wp\/v2\/product_cat?post=59817"},{"taxonomy":"product_tag","embeddable":true,"href":"https:\/\/timedriven.de\/de\/wp-json\/wp\/v2\/product_tag?post=59817"},{"taxonomy":"watch-type","embeddable":true,"href":"https:\/\/timedriven.de\/de\/wp-json\/wp\/v2\/watch-type?post=59817"},{"taxonomy":"spare-parts---category","embeddable":true,"href":"https:\/\/timedriven.de\/de\/wp-json\/wp\/v2\/spare-parts---category?post=59817"},{"taxonomy":"included","embeddable":true,"href":"https:\/\/timedriven.de\/de\/wp-json\/wp\/v2\/included?post=59817"},{"taxonomy":"condition","embeddable":true,"href":"https:\/\/timedriven.de\/de\/wp-json\/wp\/v2\/condition?post=59817"},{"taxonomy":"year-made","embeddable":true,"href":"https:\/\/timedriven.de\/de\/wp-json\/wp\/v2\/year-made?post=59817"},{"taxonomy":"dial-color","embeddable":true,"href":"https:\/\/timedriven.de\/de\/wp-json\/wp\/v2\/dial-color?post=59817"},{"taxonomy":"watch-material","embeddable":true,"href":"https:\/\/timedriven.de\/de\/wp-json\/wp\/v2\/watch-material?post=59817"},{"taxonomy":"movement","embeddable":true,"href":"https:\/\/timedriven.de\/de\/wp-json\/wp\/v2\/movement?post=59817"},{"taxonomy":"brands","embeddable":true,"href":"https:\/\/timedriven.de\/de\/wp-json\/wp\/v2\/brands?post=59817"}],"curies":[{"name":"wp","href":"https:\/\/api.w.org\/{rel}","templated":true}]}}