{"id":9547,"date":"2023-04-20T09:51:24","date_gmt":"2023-04-20T09:51:24","guid":{"rendered":"https:\/\/timedriven.de\/product\/nomos-glashuette-ludwig-33-duo-full-set-neu-2022\/"},"modified":"2023-04-20T09:51:24","modified_gmt":"2023-04-20T09:51:24","slug":"nomos-glashutte-ludwig-33-duo-full-set-new-2022","status":"publish","type":"product","link":"https:\/\/timedriven.de\/de\/produkt\/nomos-glashutte-ludwig-33-duo-full-set-new-2022\/","title":{"rendered":"Nomos Glash\u00fctte Ludwig 33 Duo Full Set Neu 2022"},"content":{"rendered":"","protected":false},"excerpt":{"rendered":"<p>Entdecken Sie NOMOS Glash\u00fctte Ludwig &#8211; die perfekte Mischung aus klassischer und moderner Uhrmacherkunst. Mit einem sauberen, minimalistischen Design und einem polierten Edelstahlgeh\u00e4use wird diese Uhr von einem Handaufzugswerk angetrieben, das f\u00fcr Pr\u00e4zision und Zuverl\u00e4ssigkeit sorgt. Das kratzfeste Saphirglas und das echte Horween-Lederarmband vervollst\u00e4ndigen den anspruchsvollen Look. Erleben Sie die perfekte Harmonie aus klassisch und modern mit NOMOS Glash\u00fctte Ludwig.<\/p>\n","protected":false},"featured_media":9424,"template":"","meta":[],"product_brand":[],"product_cat":[572,571],"product_tag":[],"watch-type":[626],"spare-parts---category":[],"included":[629],"condition":[631],"year-made":[842],"dial-color":[658],"watch-material":[613],"movement":[667],"brands":[831],"class_list":{"0":"post-9547","1":"product","2":"type-product","3":"status-publish","4":"has-post-thumbnail","6":"product_cat-uhren","7":"product_cat-unkategorisiert","8":"watch-type-damen","9":"included-papers-de","10":"condition-neu","11":"year-made-2022-de","12":"dial-color-silber","13":"watch-material-edelstahl","14":"movement-handaufzug","15":"brands-nomos-de","17":"first","18":"outofstock","19":"sold-individually","20":"taxable","21":"shipping-taxable","22":"purchasable","23":"product-type-simple"},"_links":{"self":[{"href":"https:\/\/timedriven.de\/de\/wp-json\/wp\/v2\/product\/9547","targetHints":{"allow":["GET"]}}],"collection":[{"href":"https:\/\/timedriven.de\/de\/wp-json\/wp\/v2\/product"}],"about":[{"href":"https:\/\/timedriven.de\/de\/wp-json\/wp\/v2\/types\/product"}],"wp:featuredmedia":[{"embeddable":true,"href":"https:\/\/timedriven.de\/de\/wp-json\/wp\/v2\/media\/9424"}],"wp:attachment":[{"href":"https:\/\/timedriven.de\/de\/wp-json\/wp\/v2\/media?parent=9547"}],"wp:term":[{"taxonomy":"product_brand","embeddable":true,"href":"https:\/\/timedriven.de\/de\/wp-json\/wp\/v2\/product_brand?post=9547"},{"taxonomy":"product_cat","embeddable":true,"href":"https:\/\/timedriven.de\/de\/wp-json\/wp\/v2\/product_cat?post=9547"},{"taxonomy":"product_tag","embeddable":true,"href":"https:\/\/timedriven.de\/de\/wp-json\/wp\/v2\/product_tag?post=9547"},{"taxonomy":"watch-type","embeddable":true,"href":"https:\/\/timedriven.de\/de\/wp-json\/wp\/v2\/watch-type?post=9547"},{"taxonomy":"spare-parts---category","embeddable":true,"href":"https:\/\/timedriven.de\/de\/wp-json\/wp\/v2\/spare-parts---category?post=9547"},{"taxonomy":"included","embeddable":true,"href":"https:\/\/timedriven.de\/de\/wp-json\/wp\/v2\/included?post=9547"},{"taxonomy":"condition","embeddable":true,"href":"https:\/\/timedriven.de\/de\/wp-json\/wp\/v2\/condition?post=9547"},{"taxonomy":"year-made","embeddable":true,"href":"https:\/\/timedriven.de\/de\/wp-json\/wp\/v2\/year-made?post=9547"},{"taxonomy":"dial-color","embeddable":true,"href":"https:\/\/timedriven.de\/de\/wp-json\/wp\/v2\/dial-color?post=9547"},{"taxonomy":"watch-material","embeddable":true,"href":"https:\/\/timedriven.de\/de\/wp-json\/wp\/v2\/watch-material?post=9547"},{"taxonomy":"movement","embeddable":true,"href":"https:\/\/timedriven.de\/de\/wp-json\/wp\/v2\/movement?post=9547"},{"taxonomy":"brands","embeddable":true,"href":"https:\/\/timedriven.de\/de\/wp-json\/wp\/v2\/brands?post=9547"}],"curies":[{"name":"wp","href":"https:\/\/api.w.org\/{rel}","templated":true}]}}