{"id":9600,"date":"2023-04-12T12:13:07","date_gmt":"2023-04-12T10:13:07","guid":{"rendered":"https:\/\/timedriven.de\/product\/breitling-navitimer-olympus-mondphase\/"},"modified":"2024-10-03T20:04:51","modified_gmt":"2024-10-03T18:04:51","slug":"breitling-navitimer-olympus-moonphase","status":"publish","type":"product","link":"https:\/\/timedriven.de\/de\/produkt\/breitling-navitimer-olympus-moonphase\/","title":{"rendered":"Breitling Navitimer Olympus Mondphase"},"content":{"rendered":"","protected":false},"excerpt":{"rendered":"<p>Die Breitling Navitimer Olympus Moonphase ist eine luxuri\u00f6se Uhr mit Edelstahlgeh\u00e4use, silbernem Zifferblatt und Mondphasenanzeige. Angetrieben vom Breitling Calibre 19 Uhrwerk und mit Chronographenfunktion ist es perfekt f\u00fcr Flugbegeisterte. Es ist bis zu einer Tiefe von 30 Metern wasserdicht und so konstruiert, dass es dem t\u00e4glichen Verschlei\u00df standh\u00e4lt. Bestellen Sie jetzt, um Luxus und Stil zu erleben.<\/p>\n","protected":false},"featured_media":8179,"template":"","meta":[],"product_brand":[],"product_cat":[572,571],"product_tag":[],"watch-type":[625],"spare-parts---category":[],"included":[629],"condition":[600],"year-made":[854],"dial-color":[658],"watch-material":[613],"movement":[666],"brands":[588],"class_list":{"0":"post-9600","1":"product","2":"type-product","3":"status-publish","4":"has-post-thumbnail","6":"product_cat-uhren","7":"product_cat-unkategorisiert","8":"watch-type-herren","9":"included-papers-de","10":"condition-gebraucht","11":"year-made-2008-de","12":"dial-color-silber","13":"watch-material-edelstahl","14":"movement-automatisch","15":"brands-breitling-de","17":"first","18":"outofstock","19":"sold-individually","20":"product-type-simple"},"_links":{"self":[{"href":"https:\/\/timedriven.de\/de\/wp-json\/wp\/v2\/product\/9600","targetHints":{"allow":["GET"]}}],"collection":[{"href":"https:\/\/timedriven.de\/de\/wp-json\/wp\/v2\/product"}],"about":[{"href":"https:\/\/timedriven.de\/de\/wp-json\/wp\/v2\/types\/product"}],"wp:featuredmedia":[{"embeddable":true,"href":"https:\/\/timedriven.de\/de\/wp-json\/wp\/v2\/media\/8179"}],"wp:attachment":[{"href":"https:\/\/timedriven.de\/de\/wp-json\/wp\/v2\/media?parent=9600"}],"wp:term":[{"taxonomy":"product_brand","embeddable":true,"href":"https:\/\/timedriven.de\/de\/wp-json\/wp\/v2\/product_brand?post=9600"},{"taxonomy":"product_cat","embeddable":true,"href":"https:\/\/timedriven.de\/de\/wp-json\/wp\/v2\/product_cat?post=9600"},{"taxonomy":"product_tag","embeddable":true,"href":"https:\/\/timedriven.de\/de\/wp-json\/wp\/v2\/product_tag?post=9600"},{"taxonomy":"watch-type","embeddable":true,"href":"https:\/\/timedriven.de\/de\/wp-json\/wp\/v2\/watch-type?post=9600"},{"taxonomy":"spare-parts---category","embeddable":true,"href":"https:\/\/timedriven.de\/de\/wp-json\/wp\/v2\/spare-parts---category?post=9600"},{"taxonomy":"included","embeddable":true,"href":"https:\/\/timedriven.de\/de\/wp-json\/wp\/v2\/included?post=9600"},{"taxonomy":"condition","embeddable":true,"href":"https:\/\/timedriven.de\/de\/wp-json\/wp\/v2\/condition?post=9600"},{"taxonomy":"year-made","embeddable":true,"href":"https:\/\/timedriven.de\/de\/wp-json\/wp\/v2\/year-made?post=9600"},{"taxonomy":"dial-color","embeddable":true,"href":"https:\/\/timedriven.de\/de\/wp-json\/wp\/v2\/dial-color?post=9600"},{"taxonomy":"watch-material","embeddable":true,"href":"https:\/\/timedriven.de\/de\/wp-json\/wp\/v2\/watch-material?post=9600"},{"taxonomy":"movement","embeddable":true,"href":"https:\/\/timedriven.de\/de\/wp-json\/wp\/v2\/movement?post=9600"},{"taxonomy":"brands","embeddable":true,"href":"https:\/\/timedriven.de\/de\/wp-json\/wp\/v2\/brands?post=9600"}],"curies":[{"name":"wp","href":"https:\/\/api.w.org\/{rel}","templated":true}]}}