{"id":9603,"date":"2023-04-12T10:57:38","date_gmt":"2023-04-12T08:57:38","guid":{"rendered":"https:\/\/timedriven.de\/product\/rolex-explorer-i-36-114270-papiere-2004\/"},"modified":"2024-10-03T20:04:52","modified_gmt":"2024-10-03T18:04:52","slug":"rolex-explorer-i-36-114270-papers-2004","status":"publish","type":"product","link":"https:\/\/timedriven.de\/de\/produkt\/rolex-explorer-i-36-114270-papers-2004\/","title":{"rendered":"Rolex Explorer I 36 114270 Papiere 2004"},"content":{"rendered":"","protected":false},"excerpt":{"rendered":"<p>Entdecken Sie die neue Rolex Explorer I 114270 \u2013 eine abenteuerlustige Uhr. Mit einem eleganten 36-mm-Oystersteel-Geh\u00e4use, leuchtendem Zifferblatt, kratzfestem Saphirglas und wasserdichtem Design ist es der perfekte Begleiter f\u00fcr Erkundungen. Angetrieben vom zuverl\u00e4ssigen Rolex Kaliber 3130 ist es ein Chronometer der Superlative f\u00fcr au\u00dfergew\u00f6hnliche Pr\u00e4zision. Bestellen Sie noch heute und steigern Sie Ihr n\u00e4chstes Abenteuer.<\/p>\n","protected":false},"featured_media":8085,"template":"","meta":[],"product_brand":[],"product_cat":[572,571],"product_tag":[],"watch-type":[626,625],"spare-parts---category":[],"included":[629],"condition":[600],"year-made":[880],"dial-color":[601],"watch-material":[613],"movement":[666],"brands":[598],"class_list":{"0":"post-9603","1":"product","2":"type-product","3":"status-publish","4":"has-post-thumbnail","6":"product_cat-uhren","7":"product_cat-unkategorisiert","8":"watch-type-damen","9":"watch-type-herren","10":"included-papers-de","11":"condition-gebraucht","12":"year-made-2004-de","13":"dial-color-schwarz","14":"watch-material-edelstahl","15":"movement-automatisch","16":"brands-rolex-de","18":"first","19":"outofstock","20":"sold-individually","21":"product-type-simple"},"_links":{"self":[{"href":"https:\/\/timedriven.de\/de\/wp-json\/wp\/v2\/product\/9603","targetHints":{"allow":["GET"]}}],"collection":[{"href":"https:\/\/timedriven.de\/de\/wp-json\/wp\/v2\/product"}],"about":[{"href":"https:\/\/timedriven.de\/de\/wp-json\/wp\/v2\/types\/product"}],"wp:featuredmedia":[{"embeddable":true,"href":"https:\/\/timedriven.de\/de\/wp-json\/wp\/v2\/media\/8085"}],"wp:attachment":[{"href":"https:\/\/timedriven.de\/de\/wp-json\/wp\/v2\/media?parent=9603"}],"wp:term":[{"taxonomy":"product_brand","embeddable":true,"href":"https:\/\/timedriven.de\/de\/wp-json\/wp\/v2\/product_brand?post=9603"},{"taxonomy":"product_cat","embeddable":true,"href":"https:\/\/timedriven.de\/de\/wp-json\/wp\/v2\/product_cat?post=9603"},{"taxonomy":"product_tag","embeddable":true,"href":"https:\/\/timedriven.de\/de\/wp-json\/wp\/v2\/product_tag?post=9603"},{"taxonomy":"watch-type","embeddable":true,"href":"https:\/\/timedriven.de\/de\/wp-json\/wp\/v2\/watch-type?post=9603"},{"taxonomy":"spare-parts---category","embeddable":true,"href":"https:\/\/timedriven.de\/de\/wp-json\/wp\/v2\/spare-parts---category?post=9603"},{"taxonomy":"included","embeddable":true,"href":"https:\/\/timedriven.de\/de\/wp-json\/wp\/v2\/included?post=9603"},{"taxonomy":"condition","embeddable":true,"href":"https:\/\/timedriven.de\/de\/wp-json\/wp\/v2\/condition?post=9603"},{"taxonomy":"year-made","embeddable":true,"href":"https:\/\/timedriven.de\/de\/wp-json\/wp\/v2\/year-made?post=9603"},{"taxonomy":"dial-color","embeddable":true,"href":"https:\/\/timedriven.de\/de\/wp-json\/wp\/v2\/dial-color?post=9603"},{"taxonomy":"watch-material","embeddable":true,"href":"https:\/\/timedriven.de\/de\/wp-json\/wp\/v2\/watch-material?post=9603"},{"taxonomy":"movement","embeddable":true,"href":"https:\/\/timedriven.de\/de\/wp-json\/wp\/v2\/movement?post=9603"},{"taxonomy":"brands","embeddable":true,"href":"https:\/\/timedriven.de\/de\/wp-json\/wp\/v2\/brands?post=9603"}],"curies":[{"name":"wp","href":"https:\/\/api.w.org\/{rel}","templated":true}]}}