{"id":9608,"date":"2023-04-11T15:38:08","date_gmt":"2023-04-11T15:38:08","guid":{"rendered":"https:\/\/timedriven.de\/product\/iwc-portofino-mondphase-diamantzifferblatt-full-set-2017\/"},"modified":"2024-10-03T20:04:53","modified_gmt":"2024-10-03T18:04:53","slug":"iwc-portofino-moonphase-diamond-full-set-2017","status":"publish","type":"product","link":"https:\/\/timedriven.de\/de\/produkt\/iwc-portofino-moonphase-diamond-full-set-2017\/","title":{"rendered":"IWC Portofino Mondphase Diamantzifferblatt Full Set 2017"},"content":{"rendered":"","protected":false},"excerpt":{"rendered":"<p>Erleben Sie ultimativen Luxus und Pr\u00e4zision mit dem IWC Portofino Moonphase Diamond Full-Set 2017. Diese atemberaubende Uhr verf\u00fcgt \u00fcber ein diamantbesetztes Zifferblatt, eine Mondphasenkomplikation und eine langlebige Edelstahlkonstruktion. Als Full-Set-Uhr wird sie mit allen Originalverpackungen, Papieren und Zubeh\u00f6r geliefert. Bestellen Sie noch heute und erweitern Sie Ihre Sammlung.<\/p>\n","protected":false},"featured_media":24256,"template":"","meta":[],"product_brand":[],"product_cat":[572,571],"product_tag":[],"watch-type":[626,625],"spare-parts---category":[],"included":[629],"condition":[600],"year-made":[912],"dial-color":[658],"watch-material":[613],"movement":[666],"brands":[594],"class_list":{"0":"post-9608","1":"product","2":"type-product","3":"status-publish","4":"has-post-thumbnail","6":"product_cat-uhren","7":"product_cat-unkategorisiert","8":"watch-type-damen","9":"watch-type-herren","10":"included-papers-de","11":"condition-gebraucht","12":"year-made-2017-de","13":"dial-color-silber","14":"watch-material-edelstahl","15":"movement-automatisch","16":"brands-iwc-de","18":"first","19":"instock","20":"sold-individually","21":"purchasable","22":"product-type-simple"},"_links":{"self":[{"href":"https:\/\/timedriven.de\/de\/wp-json\/wp\/v2\/product\/9608","targetHints":{"allow":["GET"]}}],"collection":[{"href":"https:\/\/timedriven.de\/de\/wp-json\/wp\/v2\/product"}],"about":[{"href":"https:\/\/timedriven.de\/de\/wp-json\/wp\/v2\/types\/product"}],"wp:featuredmedia":[{"embeddable":true,"href":"https:\/\/timedriven.de\/de\/wp-json\/wp\/v2\/media\/24256"}],"wp:attachment":[{"href":"https:\/\/timedriven.de\/de\/wp-json\/wp\/v2\/media?parent=9608"}],"wp:term":[{"taxonomy":"product_brand","embeddable":true,"href":"https:\/\/timedriven.de\/de\/wp-json\/wp\/v2\/product_brand?post=9608"},{"taxonomy":"product_cat","embeddable":true,"href":"https:\/\/timedriven.de\/de\/wp-json\/wp\/v2\/product_cat?post=9608"},{"taxonomy":"product_tag","embeddable":true,"href":"https:\/\/timedriven.de\/de\/wp-json\/wp\/v2\/product_tag?post=9608"},{"taxonomy":"watch-type","embeddable":true,"href":"https:\/\/timedriven.de\/de\/wp-json\/wp\/v2\/watch-type?post=9608"},{"taxonomy":"spare-parts---category","embeddable":true,"href":"https:\/\/timedriven.de\/de\/wp-json\/wp\/v2\/spare-parts---category?post=9608"},{"taxonomy":"included","embeddable":true,"href":"https:\/\/timedriven.de\/de\/wp-json\/wp\/v2\/included?post=9608"},{"taxonomy":"condition","embeddable":true,"href":"https:\/\/timedriven.de\/de\/wp-json\/wp\/v2\/condition?post=9608"},{"taxonomy":"year-made","embeddable":true,"href":"https:\/\/timedriven.de\/de\/wp-json\/wp\/v2\/year-made?post=9608"},{"taxonomy":"dial-color","embeddable":true,"href":"https:\/\/timedriven.de\/de\/wp-json\/wp\/v2\/dial-color?post=9608"},{"taxonomy":"watch-material","embeddable":true,"href":"https:\/\/timedriven.de\/de\/wp-json\/wp\/v2\/watch-material?post=9608"},{"taxonomy":"movement","embeddable":true,"href":"https:\/\/timedriven.de\/de\/wp-json\/wp\/v2\/movement?post=9608"},{"taxonomy":"brands","embeddable":true,"href":"https:\/\/timedriven.de\/de\/wp-json\/wp\/v2\/brands?post=9608"}],"curies":[{"name":"wp","href":"https:\/\/api.w.org\/{rel}","templated":true}]}}