{"id":9615,"date":"2023-04-10T18:56:36","date_gmt":"2023-04-10T18:56:36","guid":{"rendered":"https:\/\/timedriven.de\/product\/rolex-explorer-ii-226570-full-set-12-22-verklebt-nos\/"},"modified":"2023-04-10T18:56:36","modified_gmt":"2023-04-10T18:56:36","slug":"rolex-explorer-ii-226570-full-set-12-22-stickered-nos","status":"publish","type":"product","link":"https:\/\/timedriven.de\/de\/produkt\/rolex-explorer-ii-226570-full-set-12-22-stickered-nos\/","title":{"rendered":"Rolex Explorer II 226570 Full Set 12\/22 verklebt NOS"},"content":{"rendered":"","protected":false},"excerpt":{"rendered":"<p>Wir stellen die Rolex Explorer II 226570 vor \u2013 eine stilvolle Uhr f\u00fcr moderne Abenteurer. Mit einem 42-mm-Edelstahlgeh\u00e4use, einem wei\u00dfen Zifferblatt mit leuchtenden Stundenmarkierungen und einem kratzfesten Saphirglas ist sie so konstruiert, dass sie rauen Abenteuern standh\u00e4lt. Angetrieben von einem zuverl\u00e4ssigen Automatikwerk ist es genau und pr\u00e4zise. New old stock aus Dezmber 2022. Bestellen Sie jetzt, solange der Vorrat reicht.<\/p>\n<p>&nbsp;<\/p>\n<p>&nbsp;<\/p>\n","protected":false},"featured_media":7759,"template":"","meta":[],"product_brand":[],"product_cat":[572,571],"product_tag":[],"watch-type":[625],"spare-parts---category":[],"included":[629],"condition":[631],"year-made":[842],"dial-color":[659],"watch-material":[613],"movement":[666],"brands":[598],"class_list":{"0":"post-9615","1":"product","2":"type-product","3":"status-publish","4":"has-post-thumbnail","6":"product_cat-uhren","7":"product_cat-unkategorisiert","8":"watch-type-herren","9":"included-papers-de","10":"condition-neu","11":"year-made-2022-de","12":"dial-color-weis","13":"watch-material-edelstahl","14":"movement-automatisch","15":"brands-rolex-de","17":"first","18":"outofstock","19":"sold-individually","20":"product-type-simple"},"_links":{"self":[{"href":"https:\/\/timedriven.de\/de\/wp-json\/wp\/v2\/product\/9615","targetHints":{"allow":["GET"]}}],"collection":[{"href":"https:\/\/timedriven.de\/de\/wp-json\/wp\/v2\/product"}],"about":[{"href":"https:\/\/timedriven.de\/de\/wp-json\/wp\/v2\/types\/product"}],"wp:featuredmedia":[{"embeddable":true,"href":"https:\/\/timedriven.de\/de\/wp-json\/wp\/v2\/media\/7759"}],"wp:attachment":[{"href":"https:\/\/timedriven.de\/de\/wp-json\/wp\/v2\/media?parent=9615"}],"wp:term":[{"taxonomy":"product_brand","embeddable":true,"href":"https:\/\/timedriven.de\/de\/wp-json\/wp\/v2\/product_brand?post=9615"},{"taxonomy":"product_cat","embeddable":true,"href":"https:\/\/timedriven.de\/de\/wp-json\/wp\/v2\/product_cat?post=9615"},{"taxonomy":"product_tag","embeddable":true,"href":"https:\/\/timedriven.de\/de\/wp-json\/wp\/v2\/product_tag?post=9615"},{"taxonomy":"watch-type","embeddable":true,"href":"https:\/\/timedriven.de\/de\/wp-json\/wp\/v2\/watch-type?post=9615"},{"taxonomy":"spare-parts---category","embeddable":true,"href":"https:\/\/timedriven.de\/de\/wp-json\/wp\/v2\/spare-parts---category?post=9615"},{"taxonomy":"included","embeddable":true,"href":"https:\/\/timedriven.de\/de\/wp-json\/wp\/v2\/included?post=9615"},{"taxonomy":"condition","embeddable":true,"href":"https:\/\/timedriven.de\/de\/wp-json\/wp\/v2\/condition?post=9615"},{"taxonomy":"year-made","embeddable":true,"href":"https:\/\/timedriven.de\/de\/wp-json\/wp\/v2\/year-made?post=9615"},{"taxonomy":"dial-color","embeddable":true,"href":"https:\/\/timedriven.de\/de\/wp-json\/wp\/v2\/dial-color?post=9615"},{"taxonomy":"watch-material","embeddable":true,"href":"https:\/\/timedriven.de\/de\/wp-json\/wp\/v2\/watch-material?post=9615"},{"taxonomy":"movement","embeddable":true,"href":"https:\/\/timedriven.de\/de\/wp-json\/wp\/v2\/movement?post=9615"},{"taxonomy":"brands","embeddable":true,"href":"https:\/\/timedriven.de\/de\/wp-json\/wp\/v2\/brands?post=9615"}],"curies":[{"name":"wp","href":"https:\/\/api.w.org\/{rel}","templated":true}]}}