{"id":9617,"date":"2023-04-09T19:23:46","date_gmt":"2023-04-09T19:23:46","guid":{"rendered":"https:\/\/timedriven.de\/product\/a-lange-und-soehne-saxiona-380-027-2016-18k\/"},"modified":"2023-04-09T19:23:46","modified_gmt":"2023-04-09T19:23:46","slug":"a-lange-und-sohne-saxiona-380-027-2016-18k","status":"publish","type":"product","link":"https:\/\/timedriven.de\/de\/produkt\/a-lange-und-sohne-saxiona-380-027-2016-18k\/","title":{"rendered":"A. Lange und S\u00f6hne Saxiona 380.027 2016 18K"},"content":{"rendered":"","protected":false},"excerpt":{"rendered":"<p>Auf der Suche nach einer anspruchsvollen und eleganten Uhr? Suchen Sie nicht weiter als die A. Lange und S\u00f6hne Saxonia 380.027 in ausgezeichnetem gebrauchtem Zustand. Diese mit einem Geh\u00e4use aus 18 Karat Wei\u00dfgold und einem schwarzen Alligatorlederarmband gefertigte Uhr ist eine perfekte Mischung aus klassischem Design und moderner Funktionalit\u00e4t. Mit ihrem Automatikwerk und einer Gangreserve von 72 Stunden ist diese Uhr ein hochpr\u00e4ziser Zeitmesser. Verleihen Sie Ihrem Stil mit dieser au\u00dfergew\u00f6hnlichen Uhr einen Hauch deutscher Raffinesse. Jetzt bestellen!<\/p>\n","protected":false},"featured_media":7637,"template":"","meta":[],"product_brand":[],"product_cat":[572,571],"product_tag":[],"watch-type":[625],"spare-parts---category":[],"included":[],"condition":[600],"year-made":[904],"dial-color":[658],"watch-material":[664],"movement":[666],"brands":[982],"class_list":{"0":"post-9617","1":"product","2":"type-product","3":"status-publish","4":"has-post-thumbnail","6":"product_cat-uhren","7":"product_cat-unkategorisiert","8":"watch-type-herren","9":"condition-gebraucht","10":"year-made-2016-de","11":"dial-color-silber","12":"watch-material-weisgold","13":"movement-automatisch","14":"brands-a-lange-und-sohne-de","16":"first","17":"outofstock","18":"sold-individually","19":"taxable","20":"shipping-taxable","21":"purchasable","22":"product-type-simple"},"_links":{"self":[{"href":"https:\/\/timedriven.de\/de\/wp-json\/wp\/v2\/product\/9617","targetHints":{"allow":["GET"]}}],"collection":[{"href":"https:\/\/timedriven.de\/de\/wp-json\/wp\/v2\/product"}],"about":[{"href":"https:\/\/timedriven.de\/de\/wp-json\/wp\/v2\/types\/product"}],"wp:featuredmedia":[{"embeddable":true,"href":"https:\/\/timedriven.de\/de\/wp-json\/wp\/v2\/media\/7637"}],"wp:attachment":[{"href":"https:\/\/timedriven.de\/de\/wp-json\/wp\/v2\/media?parent=9617"}],"wp:term":[{"taxonomy":"product_brand","embeddable":true,"href":"https:\/\/timedriven.de\/de\/wp-json\/wp\/v2\/product_brand?post=9617"},{"taxonomy":"product_cat","embeddable":true,"href":"https:\/\/timedriven.de\/de\/wp-json\/wp\/v2\/product_cat?post=9617"},{"taxonomy":"product_tag","embeddable":true,"href":"https:\/\/timedriven.de\/de\/wp-json\/wp\/v2\/product_tag?post=9617"},{"taxonomy":"watch-type","embeddable":true,"href":"https:\/\/timedriven.de\/de\/wp-json\/wp\/v2\/watch-type?post=9617"},{"taxonomy":"spare-parts---category","embeddable":true,"href":"https:\/\/timedriven.de\/de\/wp-json\/wp\/v2\/spare-parts---category?post=9617"},{"taxonomy":"included","embeddable":true,"href":"https:\/\/timedriven.de\/de\/wp-json\/wp\/v2\/included?post=9617"},{"taxonomy":"condition","embeddable":true,"href":"https:\/\/timedriven.de\/de\/wp-json\/wp\/v2\/condition?post=9617"},{"taxonomy":"year-made","embeddable":true,"href":"https:\/\/timedriven.de\/de\/wp-json\/wp\/v2\/year-made?post=9617"},{"taxonomy":"dial-color","embeddable":true,"href":"https:\/\/timedriven.de\/de\/wp-json\/wp\/v2\/dial-color?post=9617"},{"taxonomy":"watch-material","embeddable":true,"href":"https:\/\/timedriven.de\/de\/wp-json\/wp\/v2\/watch-material?post=9617"},{"taxonomy":"movement","embeddable":true,"href":"https:\/\/timedriven.de\/de\/wp-json\/wp\/v2\/movement?post=9617"},{"taxonomy":"brands","embeddable":true,"href":"https:\/\/timedriven.de\/de\/wp-json\/wp\/v2\/brands?post=9617"}],"curies":[{"name":"wp","href":"https:\/\/api.w.org\/{rel}","templated":true}]}}