{"id":9619,"date":"2023-04-09T18:26:08","date_gmt":"2023-04-09T18:26:08","guid":{"rendered":"https:\/\/timedriven.de\/product\/patek-philippe-nautilus-full-set-de-mint-5980-1a-black-dial-2012\/"},"modified":"2024-10-03T20:04:55","modified_gmt":"2024-10-03T18:04:55","slug":"patek-philippe-nautilus-full-set-de-mint-5980-1a-black-dial-2012","status":"publish","type":"product","link":"https:\/\/timedriven.de\/de\/produkt\/patek-philippe-nautilus-full-set-de-mint-5980-1a-black-dial-2012\/","title":{"rendered":"Patek Philippe Nautilus Full Set DE MINT 5980\/1A Black Dial 2012"},"content":{"rendered":"","protected":false},"excerpt":{"rendered":"<p>Suchen Sie nach einer luxuri\u00f6sen und anspruchsvollen Armbanduhr? Suchen Sie nicht weiter als die Patek Philippe 5980 in Stahl. Das k\u00fchne Design und die au\u00dfergew\u00f6hnliche Handwerkskunst sind herausragend.<\/p>\n<p>Mit einem Edelstahlgeh\u00e4use und -armband, leuchtenden Zeigern und Markierungen sowie einer Chronographenfunktion ist diese Uhr sowohl stilvoll als auch praktisch. Ihr Automatikuhrwerk und eine Gangreserve von 55 Stunden garantieren eine pr\u00e4zise Zeitmessung.<\/p>\n<p>Sie befindet sich in makellosem Zustand, wurde erstmals in Deutschland verkauft und wird als Komplettset geliefert, was sie zu einem seltenen Fund f\u00fcr Uhrenliebhaber macht. Heben Sie heute Ihren Stil mit dieser atemberaubenden Armbanduhr auf ein neues Niveau.<\/p>\n","protected":false},"featured_media":7606,"template":"","meta":[],"product_brand":[],"product_cat":[572,571],"product_tag":[],"watch-type":[625],"spare-parts---category":[],"included":[629],"condition":[600],"year-made":[993],"dial-color":[601],"watch-material":[613],"movement":[666],"brands":[597],"class_list":{"0":"post-9619","1":"product","2":"type-product","3":"status-publish","4":"has-post-thumbnail","6":"product_cat-uhren","7":"product_cat-unkategorisiert","8":"watch-type-herren","9":"included-papers-de","10":"condition-gebraucht","11":"year-made-2012-de","12":"dial-color-schwarz","13":"watch-material-edelstahl","14":"movement-automatisch","15":"brands-patek-philippe-de","17":"first","18":"instock","19":"sold-individually","20":"purchasable","21":"product-type-simple"},"_links":{"self":[{"href":"https:\/\/timedriven.de\/de\/wp-json\/wp\/v2\/product\/9619","targetHints":{"allow":["GET"]}}],"collection":[{"href":"https:\/\/timedriven.de\/de\/wp-json\/wp\/v2\/product"}],"about":[{"href":"https:\/\/timedriven.de\/de\/wp-json\/wp\/v2\/types\/product"}],"wp:featuredmedia":[{"embeddable":true,"href":"https:\/\/timedriven.de\/de\/wp-json\/wp\/v2\/media\/7606"}],"wp:attachment":[{"href":"https:\/\/timedriven.de\/de\/wp-json\/wp\/v2\/media?parent=9619"}],"wp:term":[{"taxonomy":"product_brand","embeddable":true,"href":"https:\/\/timedriven.de\/de\/wp-json\/wp\/v2\/product_brand?post=9619"},{"taxonomy":"product_cat","embeddable":true,"href":"https:\/\/timedriven.de\/de\/wp-json\/wp\/v2\/product_cat?post=9619"},{"taxonomy":"product_tag","embeddable":true,"href":"https:\/\/timedriven.de\/de\/wp-json\/wp\/v2\/product_tag?post=9619"},{"taxonomy":"watch-type","embeddable":true,"href":"https:\/\/timedriven.de\/de\/wp-json\/wp\/v2\/watch-type?post=9619"},{"taxonomy":"spare-parts---category","embeddable":true,"href":"https:\/\/timedriven.de\/de\/wp-json\/wp\/v2\/spare-parts---category?post=9619"},{"taxonomy":"included","embeddable":true,"href":"https:\/\/timedriven.de\/de\/wp-json\/wp\/v2\/included?post=9619"},{"taxonomy":"condition","embeddable":true,"href":"https:\/\/timedriven.de\/de\/wp-json\/wp\/v2\/condition?post=9619"},{"taxonomy":"year-made","embeddable":true,"href":"https:\/\/timedriven.de\/de\/wp-json\/wp\/v2\/year-made?post=9619"},{"taxonomy":"dial-color","embeddable":true,"href":"https:\/\/timedriven.de\/de\/wp-json\/wp\/v2\/dial-color?post=9619"},{"taxonomy":"watch-material","embeddable":true,"href":"https:\/\/timedriven.de\/de\/wp-json\/wp\/v2\/watch-material?post=9619"},{"taxonomy":"movement","embeddable":true,"href":"https:\/\/timedriven.de\/de\/wp-json\/wp\/v2\/movement?post=9619"},{"taxonomy":"brands","embeddable":true,"href":"https:\/\/timedriven.de\/de\/wp-json\/wp\/v2\/brands?post=9619"}],"curies":[{"name":"wp","href":"https:\/\/api.w.org\/{rel}","templated":true}]}}