{"id":9625,"date":"2023-01-27T10:27:47","date_gmt":"2023-01-27T08:27:47","guid":{"rendered":"https:\/\/timedriven.de\/product\/omega-seamaster-f300hz-stimmgabel\/"},"modified":"2024-10-03T20:04:56","modified_gmt":"2024-10-03T18:04:56","slug":"omega-seamaster-f300hz-stimmgabel","status":"publish","type":"product","link":"https:\/\/timedriven.de\/de\/produkt\/omega-seamaster-f300hz-stimmgabel\/","title":{"rendered":"OMEGA Seamaster F300Hz Stimmgabel"},"content":{"rendered":"","protected":false},"excerpt":{"rendered":"<p>Wir pr\u00e4sentieren die OMEGA Seamaster F300Hz mit Stimmgabel-Uhrwerk, die ultimative Armbanduhr f\u00fcr diejenigen, die Pr\u00e4zision und Innovation fordern. Diese Uhr wird mit akribischer Aufmerksamkeit f\u00fcr Details hergestellt und gew\u00e4hrleistet somit sowohl Genauigkeit als auch Langlebigkeit.<\/p>\n<p>Die OMEGA Seamaster F300Hz mit Stimmgabel-Uhrwerk ist darauf ausgelegt, die Art und Weise zu revolutionieren, wie wir \u00fcber Zeitmessung denken. Das Stimmgabel-Uhrwerk ist eine Durchbruchstechnologie, die eine Stimmgabel zur Aufrechterhaltung der Genauigkeit der Uhr verwendet und somit eine Pr\u00e4zision bietet, die un\u00fcbertroffen ist.<\/p>\n<p>Neben seinem bahnbrechenden Uhrwerk verf\u00fcgt die OMEGA Seamaster F300Hz auch \u00fcber ein schlankes und stilvolles Design, das sicherlich Aufmerksamkeit erregt. Die Edelstahlgeh\u00e4use und das Armband sind sowohl robust als auch elegant.<\/p>\n<div class=\"w-full border-b border-black\/10 dark:border-gray-900\/50 text-gray-800 dark:text-gray-100 group bg-gray-50 dark:bg-[#444654]\">\n<div class=\"text-base gap-4 md:gap-6 m-auto md:max-w-2xl lg:max-w-2xl xl:max-w-3xl p-4 md:py-6 flex lg:px-0\">\n<div class=\"relative flex w-[calc(100%-50px)] flex-col gap-1 md:gap-3 lg:w-[calc(100%-115px)]\">\n<div class=\"flex flex-grow flex-col gap-3\">\n<div class=\"min-h-[20px] flex flex-col items-start gap-4 whitespace-pre-wrap\">\n<div class=\"markdown prose w-full break-words dark:prose-invert light\">\n<p>Indeed, this timepiece is an outstanding example of OMEGA&#8217;s commitment to innovation and precision in watchmaking. Jetzt bestellen!<\/p>\n<\/div>\n<\/div>\n<\/div>\n<\/div>\n<\/div>\n<\/div>\n","protected":false},"featured_media":6958,"template":"","meta":[],"product_brand":[],"product_cat":[572,571],"product_tag":[],"watch-type":[625],"spare-parts---category":[],"included":[],"condition":[600],"year-made":[632],"dial-color":[658],"watch-material":[613],"movement":[668],"brands":[596],"class_list":{"0":"post-9625","1":"product","2":"type-product","3":"status-publish","4":"has-post-thumbnail","6":"product_cat-uhren","7":"product_cat-unkategorisiert","8":"watch-type-herren","9":"condition-gebraucht","10":"year-made-1970-de","11":"dial-color-silber","12":"watch-material-edelstahl","13":"movement-stimmgabel-de","14":"brands-omega-de","16":"first","17":"outofstock","18":"sold-individually","19":"purchasable","20":"product-type-simple"},"_links":{"self":[{"href":"https:\/\/timedriven.de\/de\/wp-json\/wp\/v2\/product\/9625","targetHints":{"allow":["GET"]}}],"collection":[{"href":"https:\/\/timedriven.de\/de\/wp-json\/wp\/v2\/product"}],"about":[{"href":"https:\/\/timedriven.de\/de\/wp-json\/wp\/v2\/types\/product"}],"wp:featuredmedia":[{"embeddable":true,"href":"https:\/\/timedriven.de\/de\/wp-json\/wp\/v2\/media\/6958"}],"wp:attachment":[{"href":"https:\/\/timedriven.de\/de\/wp-json\/wp\/v2\/media?parent=9625"}],"wp:term":[{"taxonomy":"product_brand","embeddable":true,"href":"https:\/\/timedriven.de\/de\/wp-json\/wp\/v2\/product_brand?post=9625"},{"taxonomy":"product_cat","embeddable":true,"href":"https:\/\/timedriven.de\/de\/wp-json\/wp\/v2\/product_cat?post=9625"},{"taxonomy":"product_tag","embeddable":true,"href":"https:\/\/timedriven.de\/de\/wp-json\/wp\/v2\/product_tag?post=9625"},{"taxonomy":"watch-type","embeddable":true,"href":"https:\/\/timedriven.de\/de\/wp-json\/wp\/v2\/watch-type?post=9625"},{"taxonomy":"spare-parts---category","embeddable":true,"href":"https:\/\/timedriven.de\/de\/wp-json\/wp\/v2\/spare-parts---category?post=9625"},{"taxonomy":"included","embeddable":true,"href":"https:\/\/timedriven.de\/de\/wp-json\/wp\/v2\/included?post=9625"},{"taxonomy":"condition","embeddable":true,"href":"https:\/\/timedriven.de\/de\/wp-json\/wp\/v2\/condition?post=9625"},{"taxonomy":"year-made","embeddable":true,"href":"https:\/\/timedriven.de\/de\/wp-json\/wp\/v2\/year-made?post=9625"},{"taxonomy":"dial-color","embeddable":true,"href":"https:\/\/timedriven.de\/de\/wp-json\/wp\/v2\/dial-color?post=9625"},{"taxonomy":"watch-material","embeddable":true,"href":"https:\/\/timedriven.de\/de\/wp-json\/wp\/v2\/watch-material?post=9625"},{"taxonomy":"movement","embeddable":true,"href":"https:\/\/timedriven.de\/de\/wp-json\/wp\/v2\/movement?post=9625"},{"taxonomy":"brands","embeddable":true,"href":"https:\/\/timedriven.de\/de\/wp-json\/wp\/v2\/brands?post=9625"}],"curies":[{"name":"wp","href":"https:\/\/api.w.org\/{rel}","templated":true}]}}