{"id":9626,"date":"2023-01-27T10:24:17","date_gmt":"2023-01-27T08:24:17","guid":{"rendered":"https:\/\/timedriven.de\/product\/omega-aqua-terra-36-quarz-2518-80-00-blau\/"},"modified":"2024-10-03T20:04:57","modified_gmt":"2024-10-03T18:04:57","slug":"omega-aqua-terra-36-quarz-2518-80-00-blue","status":"publish","type":"product","link":"https:\/\/timedriven.de\/de\/produkt\/omega-aqua-terra-36-quarz-2518-80-00-blue\/","title":{"rendered":"OMEGA Aqua Terra 36 Quarz 2518.80.00 Blau"},"content":{"rendered":"","protected":false},"excerpt":{"rendered":"<p>Diese OMEGA Aqua Terra hat eine Geh\u00e4usegr\u00f6\u00dfe von 36 mm, wodurch diese Uhr perfekt zu denen passt, die die klassischste Gr\u00f6\u00dfe bevorzugen. Dar\u00fcber hinaus verf\u00fcgt diese Uhr \u00fcber ein blaues Zifferblatt mit einem Datumsfenster bei 3 Uhr.<\/p>\n","protected":false},"featured_media":6937,"template":"","meta":[],"product_brand":[],"product_cat":[572,571],"product_tag":[],"watch-type":[626,625],"spare-parts---category":[],"included":[],"condition":[600],"year-made":[614],"dial-color":[615],"watch-material":[613],"movement":[602],"brands":[596],"class_list":{"0":"post-9626","1":"product","2":"type-product","3":"status-publish","4":"has-post-thumbnail","6":"product_cat-uhren","7":"product_cat-unkategorisiert","8":"watch-type-damen","9":"watch-type-herren","10":"condition-gebraucht","11":"year-made-2000-de","12":"dial-color-blau","13":"watch-material-edelstahl","14":"movement-quarz-de","15":"brands-omega-de","17":"first","18":"outofstock","19":"sold-individually","20":"purchasable","21":"product-type-simple"},"_links":{"self":[{"href":"https:\/\/timedriven.de\/de\/wp-json\/wp\/v2\/product\/9626","targetHints":{"allow":["GET"]}}],"collection":[{"href":"https:\/\/timedriven.de\/de\/wp-json\/wp\/v2\/product"}],"about":[{"href":"https:\/\/timedriven.de\/de\/wp-json\/wp\/v2\/types\/product"}],"wp:featuredmedia":[{"embeddable":true,"href":"https:\/\/timedriven.de\/de\/wp-json\/wp\/v2\/media\/6937"}],"wp:attachment":[{"href":"https:\/\/timedriven.de\/de\/wp-json\/wp\/v2\/media?parent=9626"}],"wp:term":[{"taxonomy":"product_brand","embeddable":true,"href":"https:\/\/timedriven.de\/de\/wp-json\/wp\/v2\/product_brand?post=9626"},{"taxonomy":"product_cat","embeddable":true,"href":"https:\/\/timedriven.de\/de\/wp-json\/wp\/v2\/product_cat?post=9626"},{"taxonomy":"product_tag","embeddable":true,"href":"https:\/\/timedriven.de\/de\/wp-json\/wp\/v2\/product_tag?post=9626"},{"taxonomy":"watch-type","embeddable":true,"href":"https:\/\/timedriven.de\/de\/wp-json\/wp\/v2\/watch-type?post=9626"},{"taxonomy":"spare-parts---category","embeddable":true,"href":"https:\/\/timedriven.de\/de\/wp-json\/wp\/v2\/spare-parts---category?post=9626"},{"taxonomy":"included","embeddable":true,"href":"https:\/\/timedriven.de\/de\/wp-json\/wp\/v2\/included?post=9626"},{"taxonomy":"condition","embeddable":true,"href":"https:\/\/timedriven.de\/de\/wp-json\/wp\/v2\/condition?post=9626"},{"taxonomy":"year-made","embeddable":true,"href":"https:\/\/timedriven.de\/de\/wp-json\/wp\/v2\/year-made?post=9626"},{"taxonomy":"dial-color","embeddable":true,"href":"https:\/\/timedriven.de\/de\/wp-json\/wp\/v2\/dial-color?post=9626"},{"taxonomy":"watch-material","embeddable":true,"href":"https:\/\/timedriven.de\/de\/wp-json\/wp\/v2\/watch-material?post=9626"},{"taxonomy":"movement","embeddable":true,"href":"https:\/\/timedriven.de\/de\/wp-json\/wp\/v2\/movement?post=9626"},{"taxonomy":"brands","embeddable":true,"href":"https:\/\/timedriven.de\/de\/wp-json\/wp\/v2\/brands?post=9626"}],"curies":[{"name":"wp","href":"https:\/\/api.w.org\/{rel}","templated":true}]}}