{"id":9673,"date":"2023-01-03T14:19:59","date_gmt":"2023-01-03T14:19:59","guid":{"rendered":"https:\/\/timedriven.de\/product\/bulgari-octo-finissimo-sketch-103673-full-set-neu-2022\/"},"modified":"2024-10-03T20:09:49","modified_gmt":"2024-10-03T18:09:49","slug":"bulgari-octo-finissimo-sketch-103673-full-set-new-2022","status":"publish","type":"product","link":"https:\/\/timedriven.de\/de\/produkt\/bulgari-octo-finissimo-sketch-103673-full-set-new-2022\/","title":{"rendered":"Bulgari Octo Finissimo &#8222;Sketch&#8220; 103673 Full Set NEU 2022"},"content":{"rendered":"","protected":false},"excerpt":{"rendered":"<p>Dieser Bulgari octo finissimo zum 10-j\u00e4hrigen Jubil\u00e4um tr\u00e4gt den Spitznamen \u201eSktech\u201c. Geh\u00e4use und Armband sind aus Titan. Full Set aus 2022.<\/p>\n","protected":false},"featured_media":5934,"template":"","meta":[],"product_brand":[],"product_cat":[572,571],"product_tag":[],"watch-type":[625],"spare-parts---category":[],"included":[629],"condition":[631],"year-made":[842],"dial-color":[654],"watch-material":[663],"movement":[666],"brands":[590],"class_list":{"0":"post-9673","1":"product","2":"type-product","3":"status-publish","4":"has-post-thumbnail","6":"product_cat-uhren","7":"product_cat-unkategorisiert","8":"watch-type-herren","9":"included-papers-de","10":"condition-neu","11":"year-made-2022-de","12":"dial-color-grau","13":"watch-material-titan","14":"movement-automatisch","15":"brands-bulgari-de","17":"first","18":"outofstock","19":"sale","20":"sold-individually","21":"purchasable","22":"product-type-simple"},"_links":{"self":[{"href":"https:\/\/timedriven.de\/de\/wp-json\/wp\/v2\/product\/9673","targetHints":{"allow":["GET"]}}],"collection":[{"href":"https:\/\/timedriven.de\/de\/wp-json\/wp\/v2\/product"}],"about":[{"href":"https:\/\/timedriven.de\/de\/wp-json\/wp\/v2\/types\/product"}],"wp:featuredmedia":[{"embeddable":true,"href":"https:\/\/timedriven.de\/de\/wp-json\/wp\/v2\/media\/5934"}],"wp:attachment":[{"href":"https:\/\/timedriven.de\/de\/wp-json\/wp\/v2\/media?parent=9673"}],"wp:term":[{"taxonomy":"product_brand","embeddable":true,"href":"https:\/\/timedriven.de\/de\/wp-json\/wp\/v2\/product_brand?post=9673"},{"taxonomy":"product_cat","embeddable":true,"href":"https:\/\/timedriven.de\/de\/wp-json\/wp\/v2\/product_cat?post=9673"},{"taxonomy":"product_tag","embeddable":true,"href":"https:\/\/timedriven.de\/de\/wp-json\/wp\/v2\/product_tag?post=9673"},{"taxonomy":"watch-type","embeddable":true,"href":"https:\/\/timedriven.de\/de\/wp-json\/wp\/v2\/watch-type?post=9673"},{"taxonomy":"spare-parts---category","embeddable":true,"href":"https:\/\/timedriven.de\/de\/wp-json\/wp\/v2\/spare-parts---category?post=9673"},{"taxonomy":"included","embeddable":true,"href":"https:\/\/timedriven.de\/de\/wp-json\/wp\/v2\/included?post=9673"},{"taxonomy":"condition","embeddable":true,"href":"https:\/\/timedriven.de\/de\/wp-json\/wp\/v2\/condition?post=9673"},{"taxonomy":"year-made","embeddable":true,"href":"https:\/\/timedriven.de\/de\/wp-json\/wp\/v2\/year-made?post=9673"},{"taxonomy":"dial-color","embeddable":true,"href":"https:\/\/timedriven.de\/de\/wp-json\/wp\/v2\/dial-color?post=9673"},{"taxonomy":"watch-material","embeddable":true,"href":"https:\/\/timedriven.de\/de\/wp-json\/wp\/v2\/watch-material?post=9673"},{"taxonomy":"movement","embeddable":true,"href":"https:\/\/timedriven.de\/de\/wp-json\/wp\/v2\/movement?post=9673"},{"taxonomy":"brands","embeddable":true,"href":"https:\/\/timedriven.de\/de\/wp-json\/wp\/v2\/brands?post=9673"}],"curies":[{"name":"wp","href":"https:\/\/api.w.org\/{rel}","templated":true}]}}