{"id":9979,"date":"2023-05-06T15:29:10","date_gmt":"2023-05-06T15:29:10","guid":{"rendered":"https:\/\/timedriven.de\/?post_type=product&#038;p=9979"},"modified":"2024-10-03T20:04:41","modified_gmt":"2024-10-03T18:04:41","slug":"rolex-daytona-zenith-16528-1996","status":"publish","type":"product","link":"https:\/\/timedriven.de\/de\/produkt\/rolex-daytona-zenith-16528-1996\/","title":{"rendered":"Rolex Daytona Zenith 16528 1996"},"content":{"rendered":"","protected":false},"excerpt":{"rendered":"<p>Die Rolex Daytona 16528 ist eine Luxus-Chronographenuhr mit einem klassischen 40-mm-Geh\u00e4use aus 18 Karat Gelbgold. Das champagnerfarbene Zifferblatt verf\u00fcgt \u00fcber goldene Zeiger und Indexe sowie drei Hilfszifferbl\u00e4tter f\u00fcr Chronographenfunktionen. Sie verf\u00fcgt \u00fcber ein mechanisches Uhrwerk mit Automatikaufzug und ist bis 100 Meter wasserdicht. Die Uhr ist bekannt f\u00fcr ihre Pr\u00e4zision, Zuverl\u00e4ssigkeit und ihren High-End-Status als Symbol f\u00fcr Erfolg und Reichtum.<\/p>\n","protected":false},"featured_media":9981,"template":"","meta":[],"product_brand":[],"product_cat":[572,571],"product_tag":[],"watch-type":[625],"spare-parts---category":[],"included":[],"condition":[600],"year-made":[642],"dial-color":[652],"watch-material":[665],"movement":[666],"brands":[598],"class_list":{"0":"post-9979","1":"product","2":"type-product","3":"status-publish","4":"has-post-thumbnail","6":"product_cat-uhren","7":"product_cat-unkategorisiert","8":"watch-type-herren","9":"condition-gebraucht","10":"year-made-1996-de","11":"dial-color-champagner-de","12":"watch-material-gelbgold","13":"movement-automatisch","14":"brands-rolex-de","16":"first","17":"outofstock","18":"sold-individually","19":"purchasable","20":"product-type-simple"},"_links":{"self":[{"href":"https:\/\/timedriven.de\/de\/wp-json\/wp\/v2\/product\/9979","targetHints":{"allow":["GET"]}}],"collection":[{"href":"https:\/\/timedriven.de\/de\/wp-json\/wp\/v2\/product"}],"about":[{"href":"https:\/\/timedriven.de\/de\/wp-json\/wp\/v2\/types\/product"}],"wp:featuredmedia":[{"embeddable":true,"href":"https:\/\/timedriven.de\/de\/wp-json\/wp\/v2\/media\/9981"}],"wp:attachment":[{"href":"https:\/\/timedriven.de\/de\/wp-json\/wp\/v2\/media?parent=9979"}],"wp:term":[{"taxonomy":"product_brand","embeddable":true,"href":"https:\/\/timedriven.de\/de\/wp-json\/wp\/v2\/product_brand?post=9979"},{"taxonomy":"product_cat","embeddable":true,"href":"https:\/\/timedriven.de\/de\/wp-json\/wp\/v2\/product_cat?post=9979"},{"taxonomy":"product_tag","embeddable":true,"href":"https:\/\/timedriven.de\/de\/wp-json\/wp\/v2\/product_tag?post=9979"},{"taxonomy":"watch-type","embeddable":true,"href":"https:\/\/timedriven.de\/de\/wp-json\/wp\/v2\/watch-type?post=9979"},{"taxonomy":"spare-parts---category","embeddable":true,"href":"https:\/\/timedriven.de\/de\/wp-json\/wp\/v2\/spare-parts---category?post=9979"},{"taxonomy":"included","embeddable":true,"href":"https:\/\/timedriven.de\/de\/wp-json\/wp\/v2\/included?post=9979"},{"taxonomy":"condition","embeddable":true,"href":"https:\/\/timedriven.de\/de\/wp-json\/wp\/v2\/condition?post=9979"},{"taxonomy":"year-made","embeddable":true,"href":"https:\/\/timedriven.de\/de\/wp-json\/wp\/v2\/year-made?post=9979"},{"taxonomy":"dial-color","embeddable":true,"href":"https:\/\/timedriven.de\/de\/wp-json\/wp\/v2\/dial-color?post=9979"},{"taxonomy":"watch-material","embeddable":true,"href":"https:\/\/timedriven.de\/de\/wp-json\/wp\/v2\/watch-material?post=9979"},{"taxonomy":"movement","embeddable":true,"href":"https:\/\/timedriven.de\/de\/wp-json\/wp\/v2\/movement?post=9979"},{"taxonomy":"brands","embeddable":true,"href":"https:\/\/timedriven.de\/de\/wp-json\/wp\/v2\/brands?post=9979"}],"curies":[{"name":"wp","href":"https:\/\/api.w.org\/{rel}","templated":true}]}}